{"id":5,"date":"2018-09-25T19:17:40","date_gmt":"2018-09-25T19:17:40","guid":{"rendered":"http:\/\/cemer.mx\/new\/dialicare\/?page_id=5"},"modified":"2018-11-30T00:35:31","modified_gmt":"2018-11-30T00:35:31","slug":"inicio","status":"publish","type":"page","link":"https:\/\/cemer.mx\/dialicare\/","title":{"rendered":"Inicio"},"content":{"rendered":"[vc_row type=\u00bbfull_width_background\u00bb full_screen_row_position=\u00bbmiddle\u00bb equal_height=\u00bbyes\u00bb content_placement=\u00bbbottom\u00bb bg_image=\u00bb25&#8243; bg_position=\u00bbleft top\u00bb bg_repeat=\u00bbno-repeat\u00bb full_height=\u00bbyes\u00bb scene_position=\u00bbcenter\u00bb text_color=\u00bblight\u00bb text_align=\u00bbcenter\u00bb id=\u00bbbanner-inicio\u00bb overlay_strength=\u00bb0.3&#8243; shape_divider_position=\u00bbbottom\u00bb shape_type=\u00bb\u00bb][vc_column column_padding=\u00bbno-extra-padding\u00bb column_padding_position=\u00bball\u00bb background_color_opacity=\u00bb1&#8243; background_hover_color_opacity=\u00bb1&#8243; column_shadow=\u00bbnone\u00bb column_border_radius=\u00bbnone\u00bb width=\u00bb1\/1&#8243; tablet_text_alignment=\u00bbdefault\u00bb phone_text_alignment=\u00bbdefault\u00bb column_border_width=\u00bbnone\u00bb column_border_style=\u00bbsolid\u00bb][vc_column_text el_id=\u00bbtitulo-inicio\u00bb css=\u00bb.vc_custom_1538670672738{margin-top: 200px !important;}\u00bb]\n<h1 style=\"text-align: center;\">UNIDADES DE HEMODI\u00c1LISIS<\/h1>\n<p>&nbsp;<\/p>\n<p>&nbsp;<\/p>\n[vc_custom_heading text=\u00bb\u00bb font_container=\u00bbtag:h2|font_size:25px|text_align:center|color:%23ffffff|line_height:10px\u00bb use_theme_fonts=\u00bbyes\u00bb css=\u00bb.vc_custom_1538670913560{margin-top: 0px !important;margin-bottom: 250px !important;border-bottom-width: 0px !important;padding-top: 0px !important;padding-right: 0px !important;padding-bottom: 0px !important;padding-left: 0px !important;}\u00bb][vc_row_inner equal_height=\u00bbyes\u00bb content_placement=\u00bbmiddle\u00bb column_margin=\u00bbdefault\u00bb text_align=\u00bbleft\u00bb el_id=\u00bblogos-cemer\u00bb][vc_column_inner column_padding=\u00bbno-extra-padding\u00bb column_padding_position=\u00bball\u00bb background_color_opacity=\u00bb1&#8243; background_hover_color_opacity=\u00bb1&#8243; column_shadow=\u00bbnone\u00bb column_border_radius=\u00bbnone\u00bb width=\u00bb1\/4&#8243; column_border_width=\u00bbnone\u00bb column_border_style=\u00bbsolid\u00bb]<div class=\"img-with-aniamtion-wrap center\" data-max-width=\"100%\" data-border-radius=\"none\"><div class=\"inner\"><a href=\"http:\/\/cemer.mx\" target=\"_blank\" class=\"center\"><img loading=\"lazy\" decoding=\"async\" data-shadow=\"none\" data-shadow-direction=\"middle\" class=\"img-with-animation cemer-logos\" data-delay=\"500\" height=\"75\" width=\"186\" data-animation=\"fade-in\" src=\"https:\/\/cemer.mx\/dialicare\/wp-content\/uploads\/sites\/6\/2018\/09\/logo-cemer.png\"  alt=\"\" \/><\/a><\/div><\/div>[\/vc_column_inner][vc_column_inner column_padding=\u00bbno-extra-padding\u00bb column_padding_position=\u00bball\u00bb background_color_opacity=\u00bb1&#8243; background_hover_color_opacity=\u00bb1&#8243; column_shadow=\u00bbnone\u00bb column_border_radius=\u00bbnone\u00bb width=\u00bb1\/4&#8243; column_border_width=\u00bbnone\u00bb column_border_style=\u00bbsolid\u00bb]<div class=\"img-with-aniamtion-wrap center\" data-max-width=\"100%\" data-border-radius=\"none\"><div class=\"inner\"><a href=\"http:\/\/cemer.mx\/dialicare\" target=\"_self\" class=\"center\"><img loading=\"lazy\" decoding=\"async\" data-shadow=\"none\" data-shadow-direction=\"middle\" class=\"img-with-animation cemer-logos\" data-delay=\"500\" height=\"73\" width=\"186\" data-animation=\"fade-in\" src=\"https:\/\/cemer.mx\/dialicare\/wp-content\/uploads\/sites\/6\/2018\/09\/logo-dialicare.png\"  alt=\"\" \/><\/a><\/div><\/div>[\/vc_column_inner][vc_column_inner column_padding=\u00bbno-extra-padding\u00bb column_padding_position=\u00bball\u00bb background_color_opacity=\u00bb1&#8243; background_hover_color_opacity=\u00bb1&#8243; column_shadow=\u00bbnone\u00bb column_border_radius=\u00bbnone\u00bb width=\u00bb1\/4&#8243; column_border_width=\u00bbnone\u00bb column_border_style=\u00bbsolid\u00bb]<div class=\"img-with-aniamtion-wrap center\" data-max-width=\"100%\" data-border-radius=\"none\"><div class=\"inner\"><a href=\"http:\/\/cemer.mx\/unitae\" target=\"_blank\" class=\"center\"><img loading=\"lazy\" decoding=\"async\" data-shadow=\"none\" data-shadow-direction=\"middle\" class=\"img-with-animation cemer-logos\" data-delay=\"500\" height=\"73\" width=\"186\" data-animation=\"fade-in\" src=\"https:\/\/cemer.mx\/dialicare\/wp-content\/uploads\/sites\/6\/2018\/09\/logo-unitae.png\"  alt=\"\" \/><\/a><\/div><\/div>[\/vc_column_inner][vc_column_inner column_padding=\u00bbno-extra-padding\u00bb column_padding_position=\u00bball\u00bb background_color_opacity=\u00bb1&#8243; background_hover_color_opacity=\u00bb1&#8243; column_shadow=\u00bbnone\u00bb column_border_radius=\u00bbnone\u00bb width=\u00bb1\/4&#8243; column_border_width=\u00bbnone\u00bb column_border_style=\u00bbsolid\u00bb]<div class=\"img-with-aniamtion-wrap center\" data-max-width=\"100%\" data-border-radius=\"none\"><div class=\"inner\"><a href=\"http:\/\/cemer.mx\/nutriren\" target=\"_blank\" class=\"center\"><img loading=\"lazy\" decoding=\"async\" data-shadow=\"none\" data-shadow-direction=\"middle\" class=\"img-with-animation cemer-logos\" data-delay=\"500\" height=\"73\" width=\"186\" data-animation=\"fade-in\" src=\"https:\/\/cemer.mx\/dialicare\/wp-content\/uploads\/sites\/6\/2018\/09\/logo-nutriren.png\"  alt=\"\" \/><\/a><\/div><\/div>[\/vc_column_inner][\/vc_row_inner][\/vc_column][\/vc_row][vc_row type=\u00bbfull_width_background\u00bb full_screen_row_position=\u00bbmiddle\u00bb full_height=\u00bbyes\u00bb bg_color=\u00bb#f5f5f5&#8243; scene_position=\u00bbcenter\u00bb text_color=\u00bbdark\u00bb text_align=\u00bbcenter\u00bb overlay_strength=\u00bb0.3&#8243; shape_divider_position=\u00bbbottom\u00bb shape_type=\u00bb\u00bb][vc_column column_padding=\u00bbno-extra-padding\u00bb column_padding_position=\u00bball\u00bb background_color_opacity=\u00bb1&#8243; background_hover_color_opacity=\u00bb1&#8243; column_shadow=\u00bbnone\u00bb column_border_radius=\u00bbnone\u00bb width=\u00bb1\/1&#8243; tablet_text_alignment=\u00bbdefault\u00bb phone_text_alignment=\u00bbdefault\u00bb column_border_width=\u00bbnone\u00bb column_border_style=\u00bbsolid\u00bb][vc_row_inner column_margin=\u00bbdefault\u00bb text_align=\u00bbleft\u00bb el_id=\u00bbtext-inicio\u00bb][vc_column_inner column_padding=\u00bbno-extra-padding\u00bb column_padding_position=\u00bball\u00bb background_color_opacity=\u00bb1&#8243; background_hover_color_opacity=\u00bb1&#8243; column_shadow=\u00bbnone\u00bb column_border_radius=\u00bbnone\u00bb top_margin=\u00bb5%\u00bb width=\u00bb4\/12&#8243; column_border_width=\u00bbnone\u00bb column_border_style=\u00bbsolid\u00bb]<div class=\"img-with-aniamtion-wrap center\" data-max-width=\"100%\" data-border-radius=\"none\"><div class=\"inner\"><img loading=\"lazy\" decoding=\"async\" data-shadow=\"none\" data-shadow-direction=\"middle\" class=\"img-with-animation \" data-delay=\"0\" height=\"612\" width=\"506\" data-animation=\"fade-in\" src=\"https:\/\/cemer.mx\/dialicare\/wp-content\/uploads\/sites\/6\/2018\/09\/inicio-care.png\" srcset=\"https:\/\/cemer.mx\/dialicare\/wp-content\/uploads\/sites\/6\/2018\/09\/inicio-care.png 506w, https:\/\/cemer.mx\/dialicare\/wp-content\/uploads\/sites\/6\/2018\/09\/inicio-care-248x300.png 248w\" sizes=\"auto, 100vw\" alt=\"\" \/><\/div><\/div>[\/vc_column_inner][vc_column_inner column_padding=\u00bbno-extra-padding\u00bb column_padding_position=\u00bball\u00bb background_color_opacity=\u00bb1&#8243; background_hover_color_opacity=\u00bb1&#8243; column_shadow=\u00bbnone\u00bb column_border_radius=\u00bbnone\u00bb width=\u00bb8\/12&#8243; column_border_width=\u00bbnone\u00bb column_border_style=\u00bbsolid\u00bb][vc_custom_heading text=\u00bbUNIDAD DE HEMODI\u00c1LISIS\u00bb font_container=\u00bbtag:h2|text_align:center|color:%232581cc\u00bb use_theme_fonts=\u00bbyes\u00bb][vc_column_text]\n<p style=\"text-align: center;\">En DIALICARE contamos con distintas unidades de hemodi\u00e1lisis dentro de los mejores centros de atenci\u00f3n hospitalaria, dise\u00f1adas de acuerdo a normas nacionales e internacionales.\u00a0 Nuestro equipo m\u00e9dico es de alta vanguardia y tecnolog\u00eda, utilizamos filtro dializador nuevo en cada sesi\u00f3n,\u00a0 ofreci\u00e9ndote la mayor seguridad y efectividad en tu tratamiento.<\/p>\n<p style=\"text-align: center;\">Nuestra atenci\u00f3n es brindada por m\u00e9dicos nefr\u00f3logos certificados y personal de enfermer\u00eda especializado que cuentan con amplia experiencia en el manejo de pacientes con enfermedades renales, ofreciendo un trato digno y amable, siempre con una sensaci\u00f3n de calidez. Cada paciente es valorado individualmente, ajustando el tratamiento de acuerdo a sus necesidades.<\/p>\n<p style=\"text-align: center;\">Pensando en la econom\u00eda de nuestros pacientes, DIALICARE otorga servicios de calidad a costos accesibles, logrando convenios con instituciones de salud p\u00fablicas y privadas, adapt\u00e1ndonos a los tabuladores de la mayor\u00eda de las compa\u00f1\u00edas de seguros de nuestro pa\u00eds.<\/p>\n[\/vc_column_text][\/vc_column_inner][\/vc_row_inner][\/vc_column][\/vc_row][vc_row type=\u00bbfull_width_background\u00bb full_screen_row_position=\u00bbmiddle\u00bb full_height=\u00bbyes\u00bb bg_color=\u00bb#ffffff\u00bb scene_position=\u00bbcenter\u00bb text_color=\u00bbdark\u00bb text_align=\u00bbcenter\u00bb top_padding=\u00bb80&#8243; bottom_padding=\u00bb80&#8243; overlay_strength=\u00bb0.3&#8243; shape_divider_position=\u00bbbottom\u00bb shape_type=\u00bb\u00bb][vc_column column_padding=\u00bbno-extra-padding\u00bb column_padding_position=\u00bball\u00bb background_color_opacity=\u00bb1&#8243; background_hover_color_opacity=\u00bb1&#8243; column_shadow=\u00bbnone\u00bb column_border_radius=\u00bbnone\u00bb width=\u00bb1\/1&#8243; tablet_text_alignment=\u00bbdefault\u00bb phone_text_alignment=\u00bbdefault\u00bb column_border_width=\u00bbnone\u00bb column_border_style=\u00bbsolid\u00bb][vc_row_inner column_margin=\u00bbdefault\u00bb text_align=\u00bbleft\u00bb el_id=\u00bbtext-promo-inicio\u00bb][vc_column_inner column_padding=\u00bbno-extra-padding\u00bb column_padding_position=\u00bball\u00bb background_color_opacity=\u00bb1&#8243; background_hover_color_opacity=\u00bb1&#8243; column_shadow=\u00bbnone\u00bb column_border_radius=\u00bbnone\u00bb width=\u00bb3\/12&#8243; column_border_width=\u00bbnone\u00bb column_border_style=\u00bbsolid\u00bb][\/vc_column_inner][vc_column_inner column_padding=\u00bbno-extra-padding\u00bb column_padding_position=\u00bball\u00bb background_color_opacity=\u00bb1&#8243; background_hover_color_opacity=\u00bb1&#8243; column_shadow=\u00bbnone\u00bb column_border_radius=\u00bbnone\u00bb width=\u00bb6\/12&#8243; column_border_width=\u00bbnone\u00bb column_border_style=\u00bbsolid\u00bb]<div class=\"img-with-aniamtion-wrap center\" data-max-width=\"100%\" data-border-radius=\"none\"><div class=\"inner\"><img loading=\"lazy\" decoding=\"async\" data-shadow=\"none\" data-shadow-direction=\"middle\" class=\"img-with-animation \" data-delay=\"0\" height=\"135\" width=\"430\" data-animation=\"fade-in\" src=\"https:\/\/cemer.mx\/dialicare\/wp-content\/uploads\/sites\/6\/2018\/09\/inicio-nutrien.png\" srcset=\"https:\/\/cemer.mx\/dialicare\/wp-content\/uploads\/sites\/6\/2018\/09\/inicio-nutrien.png 430w, https:\/\/cemer.mx\/dialicare\/wp-content\/uploads\/sites\/6\/2018\/09\/inicio-nutrien-300x94.png 300w\" sizes=\"auto, 100vw\" alt=\"\" \/><\/div><\/div>[vc_custom_heading text=\u00bbPARA UNOS RI\u00d1ONES SANOS\u00bb font_container=\u00bbtag:h2|text_align:center|color:%23939598&#8243; use_theme_fonts=\u00bbyes\u00bb css=\u00bb.vc_custom_1538075498613{margin-top: 20px !important;}\u00bb][vc_column_text css=\u00bb.vc_custom_1538075700047{margin-top: 20px !important;}\u00bb max_width=\u00bb600&#8243;]\n<p style=\"text-align: center;\">Uno de los pilares en el tratamiento y cuidado de la enfermedad renal es un seguir con un plan de nutrici\u00f3n adecuado y seg\u00fan la etapa de la enfermedad en la que el paciente se encuentre, ya que esto permite disminuir las complicaciones a corto, mediano y largo plazo.<\/p>\n[\/vc_column_text][nectar_btn size=\u00bbjumbo\u00bb open_new_tab=\u00bbtrue\u00bb button_style=\u00bbsee-through-3&#8243; color_override=\u00bb#008713&#8243; hover_color_override=\u00bb#EF757A\u00bb hover_text_color_override=\u00bb#ffffff\u00bb icon_family=\u00bbnone\u00bb el_class=\u00bbboton-promo\u00bb url=\u00bbhttp:\/\/cemer.mx\/nutriren\u00bb text=\u00bbConocer\u00bb][\/vc_column_inner][vc_column_inner column_padding=\u00bbno-extra-padding\u00bb column_padding_position=\u00bball\u00bb background_color_opacity=\u00bb1&#8243; background_hover_color_opacity=\u00bb1&#8243; column_shadow=\u00bbnone\u00bb column_border_radius=\u00bbnone\u00bb width=\u00bb3\/12&#8243; column_border_width=\u00bbnone\u00bb column_border_style=\u00bbsolid\u00bb][\/vc_column_inner][\/vc_row_inner][\/vc_column][\/vc_row]\n","protected":false},"excerpt":{"rendered":"<p>[vc_row type=\u00bbfull_width_background\u00bb full_screen_row_position=\u00bbmiddle\u00bb equal_height=\u00bbyes\u00bb content_placement=\u00bbbottom\u00bb bg_image=\u00bb25&#8243; bg_position=\u00bbleft top\u00bb bg_repeat=\u00bbno-repeat\u00bb full_height=\u00bbyes\u00bb scene_position=\u00bbcenter\u00bb text_color=\u00bblight\u00bb text_align=\u00bbcenter\u00bb id=\u00bbbanner-inicio\u00bb overlay_strength=\u00bb0.3&#8243; shape_divider_position=\u00bbbottom\u00bb shape_type=\u00bb\u00bb][vc_column column_padding=\u00bbno-extra-padding\u00bb column_padding_position=\u00bball\u00bb background_color_opacity=\u00bb1&#8243; background_hover_color_opacity=\u00bb1&#8243; column_shadow=\u00bbnone\u00bb column_border_radius=\u00bbnone\u00bb width=\u00bb1\/1&#8243; tablet_text_alignment=\u00bbdefault\u00bb phone_text_alignment=\u00bbdefault\u00bb column_border_width=\u00bbnone\u00bb column_border_style=\u00bbsolid\u00bb][vc_column_text el_id=\u00bbtitulo-inicio\u00bb css=\u00bb.vc_custom_1538670672738{margin-top:&#8230;<\/p>\n","protected":false},"author":1,"featured_media":0,"parent":0,"menu_order":0,"comment_status":"closed","ping_status":"closed","template":"","meta":{"footnotes":""},"class_list":["post-5","page","type-page","status-publish","hentry"],"_links":{"self":[{"href":"https:\/\/cemer.mx\/dialicare\/wp-json\/wp\/v2\/pages\/5","targetHints":{"allow":["GET"]}}],"collection":[{"href":"https:\/\/cemer.mx\/dialicare\/wp-json\/wp\/v2\/pages"}],"about":[{"href":"https:\/\/cemer.mx\/dialicare\/wp-json\/wp\/v2\/types\/page"}],"author":[{"embeddable":true,"href":"https:\/\/cemer.mx\/dialicare\/wp-json\/wp\/v2\/users\/1"}],"replies":[{"embeddable":true,"href":"https:\/\/cemer.mx\/dialicare\/wp-json\/wp\/v2\/comments?post=5"}],"version-history":[{"count":63,"href":"https:\/\/cemer.mx\/dialicare\/wp-json\/wp\/v2\/pages\/5\/revisions"}],"predecessor-version":[{"id":204,"href":"https:\/\/cemer.mx\/dialicare\/wp-json\/wp\/v2\/pages\/5\/revisions\/204"}],"wp:attachment":[{"href":"https:\/\/cemer.mx\/dialicare\/wp-json\/wp\/v2\/media?parent=5"}],"curies":[{"name":"wp","href":"https:\/\/api.w.org\/{rel}","templated":true}]}}