{"id":593,"date":"2018-10-01T16:13:55","date_gmt":"2018-10-01T16:13:55","guid":{"rendered":"http:\/\/cemer.mx\/new\/nutriren\/?page_id=593"},"modified":"2018-11-30T00:33:52","modified_gmt":"2018-11-30T00:33:52","slug":"inicio","status":"publish","type":"page","link":"https:\/\/cemer.mx\/nutriren\/","title":{"rendered":"Inicio"},"content":{"rendered":"[vc_row type=\u00bbfull_width_background\u00bb full_screen_row_position=\u00bbmiddle\u00bb equal_height=\u00bbyes\u00bb content_placement=\u00bbbottom\u00bb bg_image=\u00bb615&#8243; bg_position=\u00bbleft top\u00bb bg_repeat=\u00bbno-repeat\u00bb full_height=\u00bbyes\u00bb scene_position=\u00bbcenter\u00bb text_color=\u00bblight\u00bb text_align=\u00bbcenter\u00bb id=\u00bbbanner-inicio\u00bb overlay_strength=\u00bb0.3&#8243; shape_divider_position=\u00bbbottom\u00bb shape_type=\u00bb\u00bb][vc_column column_padding=\u00bbno-extra-padding\u00bb column_padding_position=\u00bball\u00bb background_color_opacity=\u00bb1&#8243; background_hover_color_opacity=\u00bb1&#8243; column_shadow=\u00bbnone\u00bb column_border_radius=\u00bbnone\u00bb width=\u00bb1\/1&#8243; tablet_text_alignment=\u00bbdefault\u00bb phone_text_alignment=\u00bbdefault\u00bb column_border_width=\u00bbnone\u00bb column_border_style=\u00bbsolid\u00bb][vc_column_text el_id=\u00bbtitulo-inicio\u00bb css=\u00bb.vc_custom_1538411822695{margin-top: 200px !important;}\u00bb]\n<h1>NUTRICI\u00d3N PARA TU SALUD.<\/h1>\n<h2 id=\"h2-25\">CUIDADO ALIMENTICIO PARA UNA MEJOR CALIDAD DE VIDA.<\/h2>\n[\/vc_column_text][vc_row_inner equal_height=\u00bbyes\u00bb content_placement=\u00bbmiddle\u00bb column_margin=\u00bbdefault\u00bb text_align=\u00bbleft\u00bb el_id=\u00bblogos-cemer\u00bb][vc_column_inner column_padding=\u00bbno-extra-padding\u00bb column_padding_position=\u00bball\u00bb background_color_opacity=\u00bb1&#8243; background_hover_color_opacity=\u00bb1&#8243; column_shadow=\u00bbnone\u00bb column_border_radius=\u00bbnone\u00bb width=\u00bb1\/4&#8243; column_border_width=\u00bbnone\u00bb column_border_style=\u00bbsolid\u00bb]<div class=\"img-with-aniamtion-wrap center\" data-max-width=\"100%\" data-border-radius=\"none\"><div class=\"inner\"><a href=\"http:\/\/cemer.mx\" target=\"_blank\" class=\"center\"><img loading=\"lazy\" decoding=\"async\" data-shadow=\"none\" data-shadow-direction=\"middle\" class=\"img-with-animation cemer-logos\" data-delay=\"500\" height=\"75\" width=\"186\" data-animation=\"fade-in\" src=\"https:\/\/cemer.mx\/nutriren\/wp-content\/uploads\/sites\/3\/2018\/10\/logo-cemer.png\"  alt=\"\" \/><\/a><\/div><\/div>[\/vc_column_inner][vc_column_inner column_padding=\u00bbno-extra-padding\u00bb column_padding_position=\u00bball\u00bb background_color_opacity=\u00bb1&#8243; background_hover_color_opacity=\u00bb1&#8243; column_shadow=\u00bbnone\u00bb column_border_radius=\u00bbnone\u00bb width=\u00bb1\/4&#8243; column_border_width=\u00bbnone\u00bb column_border_style=\u00bbsolid\u00bb]<div class=\"img-with-aniamtion-wrap center\" data-max-width=\"100%\" data-border-radius=\"none\"><div class=\"inner\"><a href=\"http:\/\/cemer.mx\/dialicare\" target=\"_blank\" class=\"center\"><img loading=\"lazy\" decoding=\"async\" data-shadow=\"none\" data-shadow-direction=\"middle\" class=\"img-with-animation cemer-logos\" data-delay=\"500\" height=\"73\" width=\"186\" data-animation=\"fade-in\" src=\"https:\/\/cemer.mx\/nutriren\/wp-content\/uploads\/sites\/3\/2018\/10\/logo-dialicare.png\"  alt=\"\" \/><\/a><\/div><\/div>[\/vc_column_inner][vc_column_inner column_padding=\u00bbno-extra-padding\u00bb column_padding_position=\u00bball\u00bb background_color_opacity=\u00bb1&#8243; background_hover_color_opacity=\u00bb1&#8243; column_shadow=\u00bbnone\u00bb column_border_radius=\u00bbnone\u00bb width=\u00bb1\/4&#8243; column_border_width=\u00bbnone\u00bb column_border_style=\u00bbsolid\u00bb]<div class=\"img-with-aniamtion-wrap center\" data-max-width=\"100%\" data-border-radius=\"none\"><div class=\"inner\"><a href=\"http:\/\/cemer.mx\/unitae\" target=\"_blank\" class=\"center\"><img loading=\"lazy\" decoding=\"async\" data-shadow=\"none\" data-shadow-direction=\"middle\" class=\"img-with-animation cemer-logos\" data-delay=\"500\" height=\"73\" width=\"186\" data-animation=\"fade-in\" src=\"https:\/\/cemer.mx\/nutriren\/wp-content\/uploads\/sites\/3\/2018\/10\/logo-unitae.png\"  alt=\"\" \/><\/a><\/div><\/div>[\/vc_column_inner][vc_column_inner column_padding=\u00bbno-extra-padding\u00bb column_padding_position=\u00bball\u00bb background_color_opacity=\u00bb1&#8243; background_hover_color_opacity=\u00bb1&#8243; column_shadow=\u00bbnone\u00bb column_border_radius=\u00bbnone\u00bb width=\u00bb1\/4&#8243; column_border_width=\u00bbnone\u00bb column_border_style=\u00bbsolid\u00bb]<div class=\"img-with-aniamtion-wrap center\" data-max-width=\"100%\" data-border-radius=\"none\"><div class=\"inner\"><a href=\"http:\/\/cemer.mx\/nutriren\" target=\"_self\" class=\"center\"><img loading=\"lazy\" decoding=\"async\" data-shadow=\"none\" data-shadow-direction=\"middle\" class=\"img-with-animation cemer-logos\" data-delay=\"500\" height=\"73\" width=\"186\" data-animation=\"fade-in\" src=\"https:\/\/cemer.mx\/nutriren\/wp-content\/uploads\/sites\/3\/2018\/10\/logo-nutriren.png\"  alt=\"\" \/><\/a><\/div><\/div>[\/vc_column_inner][\/vc_row_inner][\/vc_column][\/vc_row][vc_row type=\u00bbfull_width_background\u00bb full_screen_row_position=\u00bbmiddle\u00bb full_height=\u00bbyes\u00bb bg_color=\u00bb#f5f5f5&#8243; scene_position=\u00bbcenter\u00bb text_color=\u00bbdark\u00bb text_align=\u00bbcenter\u00bb overlay_strength=\u00bb0.3&#8243; shape_divider_position=\u00bbbottom\u00bb shape_type=\u00bb\u00bb][vc_column column_padding=\u00bbno-extra-padding\u00bb column_padding_position=\u00bball\u00bb background_color_opacity=\u00bb1&#8243; background_hover_color_opacity=\u00bb1&#8243; column_shadow=\u00bbnone\u00bb column_border_radius=\u00bbnone\u00bb width=\u00bb1\/1&#8243; tablet_text_alignment=\u00bbdefault\u00bb phone_text_alignment=\u00bbdefault\u00bb column_border_width=\u00bbnone\u00bb column_border_style=\u00bbsolid\u00bb][vc_custom_heading text=\u00bb\u00a1ELIGE LA OPCI\u00d3N QUE M\u00c1S TE GUSTE!\u00bb font_container=\u00bbtag:h1|font_size:40|text_align:center|color:%23ef757a\u00bb use_theme_fonts=\u00bbyes\u00bb css=\u00bb.vc_custom_1538675946578{margin-top: 20px !important;margin-bottom: 50px !important;}\u00bb][vc_row_inner column_margin=\u00bbdefault\u00bb text_align=\u00bbleft\u00bb][vc_column_inner column_padding=\u00bbno-extra-padding\u00bb column_padding_position=\u00bball\u00bb background_color_opacity=\u00bb1&#8243; background_hover_color_opacity=\u00bb1&#8243; column_shadow=\u00bbnone\u00bb column_border_radius=\u00bbnone\u00bb width=\u00bb1\/1&#8243; column_border_width=\u00bbnone\u00bb column_border_style=\u00bbsolid\u00bb]\t\t\t<div class=\"row blog-recent columns-4\" data-style=\"classic_enhanced_alt\" data-color-scheme=\"light\">\r\n\t\t\t\t\r\n\t\t\t\t\r\n\t\t\t\t<div class=\"col span_3 post-794 post type-post status-publish format-standard has-post-thumbnail hentry category-comidas\" >\r\n\t\t\t\t\t\r\n\t\t\t\t\t\r\n\t\t\t\t\t\t\t<div class=\"inner-wrap post-794 post type-post status-publish format-standard has-post-thumbnail hentry category-comidas\">\r\n\r\n\t\t\t\t\t\t\t<a href=\"https:\/\/cemer.mx\/nutriren\/ensalada-de-mango-con-pina-y-jicama\/\" class=\"img-link\"><span class=\"post-featured-img\"><img loading=\"lazy\" decoding=\"async\" width=\"201\" height=\"201\" src=\"https:\/\/cemer.mx\/nutriren\/wp-content\/uploads\/sites\/3\/2018\/10\/201-7.jpeg\" class=\"attachment-tall size-tall wp-post-image\" alt=\"\" title=\"\" sizes=\"auto, (min-width: 1300px) 25vw, (min-width: 1000px) 33vw, (min-width: 690px) 100vw, 100vw\" srcset=\"https:\/\/cemer.mx\/nutriren\/wp-content\/uploads\/sites\/3\/2018\/10\/201-7.jpeg 201w, https:\/\/cemer.mx\/nutriren\/wp-content\/uploads\/sites\/3\/2018\/10\/201-7-150x150.jpeg 150w, https:\/\/cemer.mx\/nutriren\/wp-content\/uploads\/sites\/3\/2018\/10\/201-7-100x100.jpeg 100w, https:\/\/cemer.mx\/nutriren\/wp-content\/uploads\/sites\/3\/2018\/10\/201-7-140x140.jpeg 140w\" \/><\/span><\/a>\r\n\t\t\t\t\t\t\t<span class=\"meta-category\"><a class=\"comidas\" href=\"https:\/\/cemer.mx\/nutriren\/categoria\/comidas\/\">Comidas<\/a><\/span>\t\t\t\t\t\t\t\t\r\n\t\t\t\t\t\t\t<a class=\"entire-meta-link\" href=\"https:\/\/cemer.mx\/nutriren\/ensalada-de-mango-con-pina-y-jicama\/\"><\/a>\r\n\r\n\t\t\t\t\t\t\t<div class=\"article-content-wrap\">\r\n\t\t\t\t\t\t\t\t<div class=\"post-header\">\r\n\t\t\t\t\t\t\t\t\t<span class=\"meta\"> 2 octubre, 2018 <\/span> \r\n\t\t\t\t\t\t\t\t\t<h3 class=\"title\">Ensalada de mango con pi\u00f1a y j\u00edcama<\/h3>\t\r\n\t\t\t\t\t\t\t\t<\/div><!--\/post-header-->\r\n\t\t\t\t\t\t\t\t<div class=\"excerpt\">\r\n\t\t\t\t\t\t\t\t\tF\u00e1cil y r\u00e1pida de elaborar es la opci\u00f3n que traemos para tiTiempo: 10 minutos Ingredientes Diente de ajo picado finamente o exprimid Aceite de oliva J\u00edcama pelada y cortada en&hellip;\t\t\t\t\t\t\t\t<\/div>\r\n\t\t\t\t\t\t\t<\/div>\r\n\t\t\t\t\t\t\t\r\n\t\t\t\t\t\t\t<div class=\"post-meta\">\r\n\t\t\t\t\t\t\t\t<span class=\"meta-author\"> <a href=\"https:\/\/cemer.mx\/nutriren\/author\/admin\/\"> <i class=\"icon-default-style icon-salient-m-user\"><\/i> Admin<\/a> <\/span> \r\n\t\t\t\t\t\t\t\t\r\n\t\t\t\t\t\t\t\t\t\t\t\t\t\t\t\t\t<span class=\"meta-comment-count\">  <a href=\"https:\/\/cemer.mx\/nutriren\/ensalada-de-mango-con-pina-y-jicama\/#respond\">\r\n\t\t\t\t\t\t\t\t\t\t<i class=\"icon-default-style steadysets-icon-chat-3\"><\/i> 0<\/a>\r\n\t\t\t\t\t\t\t\t\t<\/span>\r\n\t\t\t\t\t\t\t\t\t\t\t\t\t\t\t\t\r\n\t\t\t\t\t\t\t\t<div class=\"nectar-love-wrap\">\r\n\t\t\t\t\t\t\t\t\t<a href=\"#\" class=\"nectar-love\" id=\"nectar-love-794\" title=\"Love this\"> <i class=\"icon-salient-heart-2\"><\/i><span class=\"nectar-love-count\">1<\/span><\/a>\t\t\t\t\t\t\t\t<\/div><!--\/nectar-love-wrap-->\t\r\n\t\t\t\t\t\t\t<\/div>\r\n\r\n\t\t\t\t\t\t<\/div>\r\n\r\n\t\t\t\t\t\t\t\t\t\t\t\r\n\t\t\t\t<\/div><!--\/col-->\r\n\t\t\t\t\r\n\t\t\t\t\r\n\t\t\t\t<div class=\"col span_3 post-799 post type-post status-publish format-standard has-post-thumbnail hentry category-cenas\" >\r\n\t\t\t\t\t\r\n\t\t\t\t\t\r\n\t\t\t\t\t\t\t<div class=\"inner-wrap post-799 post type-post status-publish format-standard has-post-thumbnail hentry category-cenas\">\r\n\r\n\t\t\t\t\t\t\t<a href=\"https:\/\/cemer.mx\/nutriren\/799\/\" class=\"img-link\"><span class=\"post-featured-img\"><img loading=\"lazy\" decoding=\"async\" width=\"201\" height=\"201\" src=\"https:\/\/cemer.mx\/nutriren\/wp-content\/uploads\/sites\/3\/2018\/10\/Copia-de-201.jpeg\" class=\"attachment-tall size-tall wp-post-image\" alt=\"\" title=\"\" sizes=\"auto, (min-width: 1300px) 25vw, (min-width: 1000px) 33vw, (min-width: 690px) 100vw, 100vw\" srcset=\"https:\/\/cemer.mx\/nutriren\/wp-content\/uploads\/sites\/3\/2018\/10\/Copia-de-201.jpeg 201w, https:\/\/cemer.mx\/nutriren\/wp-content\/uploads\/sites\/3\/2018\/10\/Copia-de-201-150x150.jpeg 150w, https:\/\/cemer.mx\/nutriren\/wp-content\/uploads\/sites\/3\/2018\/10\/Copia-de-201-100x100.jpeg 100w, https:\/\/cemer.mx\/nutriren\/wp-content\/uploads\/sites\/3\/2018\/10\/Copia-de-201-140x140.jpeg 140w\" \/><\/span><\/a>\r\n\t\t\t\t\t\t\t<span class=\"meta-category\"><a class=\"cenas\" href=\"https:\/\/cemer.mx\/nutriren\/categoria\/cenas\/\">Cenas<\/a><\/span>\t\t\t\t\t\t\t\t\r\n\t\t\t\t\t\t\t<a class=\"entire-meta-link\" href=\"https:\/\/cemer.mx\/nutriren\/799\/\"><\/a>\r\n\r\n\t\t\t\t\t\t\t<div class=\"article-content-wrap\">\r\n\t\t\t\t\t\t\t\t<div class=\"post-header\">\r\n\t\t\t\t\t\t\t\t\t<span class=\"meta\"> 2 octubre, 2018 <\/span> \r\n\t\t\t\t\t\t\t\t\t<h3 class=\"title\">Sopes de reques\u00f3n con rajas<\/h3>\t\r\n\t\t\t\t\t\t\t\t<\/div><!--\/post-header-->\r\n\t\t\t\t\t\t\t\t<div class=\"excerpt\">\r\n\t\t\t\t\t\t\t\t\tCenas muy Mexicanas.Tiempo: 20 minutos Ingredientes Masa Reques\u00f3n Mantequilla sin sal Chiles poblanos Col Tomate verde Chile serrano Preparaci\u00f3n Ase los chiles poblanos y posteriormente m\u00e9talos en una bolsa y&hellip;\t\t\t\t\t\t\t\t<\/div>\r\n\t\t\t\t\t\t\t<\/div>\r\n\t\t\t\t\t\t\t\r\n\t\t\t\t\t\t\t<div class=\"post-meta\">\r\n\t\t\t\t\t\t\t\t<span class=\"meta-author\"> <a href=\"https:\/\/cemer.mx\/nutriren\/author\/admin\/\"> <i class=\"icon-default-style icon-salient-m-user\"><\/i> Admin<\/a> <\/span> \r\n\t\t\t\t\t\t\t\t\r\n\t\t\t\t\t\t\t\t\t\t\t\t\t\t\t\t\t<span class=\"meta-comment-count\">  <a href=\"https:\/\/cemer.mx\/nutriren\/799\/#respond\">\r\n\t\t\t\t\t\t\t\t\t\t<i class=\"icon-default-style steadysets-icon-chat-3\"><\/i> 0<\/a>\r\n\t\t\t\t\t\t\t\t\t<\/span>\r\n\t\t\t\t\t\t\t\t\t\t\t\t\t\t\t\t\r\n\t\t\t\t\t\t\t\t<div class=\"nectar-love-wrap\">\r\n\t\t\t\t\t\t\t\t\t<a href=\"#\" class=\"nectar-love\" id=\"nectar-love-799\" title=\"Love this\"> <i class=\"icon-salient-heart-2\"><\/i><span class=\"nectar-love-count\">0<\/span><\/a>\t\t\t\t\t\t\t\t<\/div><!--\/nectar-love-wrap-->\t\r\n\t\t\t\t\t\t\t<\/div>\r\n\r\n\t\t\t\t\t\t<\/div>\r\n\r\n\t\t\t\t\t\t\t\t\t\t\t\r\n\t\t\t\t<\/div><!--\/col-->\r\n\t\t\t\t\r\n\t\t\t\t\r\n\t\t\t\t<div class=\"col span_3 post-755 post type-post status-publish format-standard has-post-thumbnail hentry category-desayunos\" >\r\n\t\t\t\t\t\r\n\t\t\t\t\t\r\n\t\t\t\t\t\t\t<div class=\"inner-wrap post-755 post type-post status-publish format-standard has-post-thumbnail hentry category-desayunos\">\r\n\r\n\t\t\t\t\t\t\t<a href=\"https:\/\/cemer.mx\/nutriren\/arroz-frito\/\" class=\"img-link\"><span class=\"post-featured-img\"><img loading=\"lazy\" decoding=\"async\" width=\"500\" height=\"408\" src=\"https:\/\/cemer.mx\/nutriren\/wp-content\/uploads\/sites\/3\/2018\/10\/arroz-frito-500x408.jpg\" class=\"attachment-tall size-tall wp-post-image\" alt=\"\" title=\"\" sizes=\"auto, (min-width: 1300px) 25vw, (min-width: 1000px) 33vw, (min-width: 690px) 100vw, 100vw\" \/><\/span><\/a>\r\n\t\t\t\t\t\t\t<span class=\"meta-category\"><a class=\"desayunos\" href=\"https:\/\/cemer.mx\/nutriren\/categoria\/desayunos\/\">Desayunos<\/a><\/span>\t\t\t\t\t\t\t\t\r\n\t\t\t\t\t\t\t<a class=\"entire-meta-link\" href=\"https:\/\/cemer.mx\/nutriren\/arroz-frito\/\"><\/a>\r\n\r\n\t\t\t\t\t\t\t<div class=\"article-content-wrap\">\r\n\t\t\t\t\t\t\t\t<div class=\"post-header\">\r\n\t\t\t\t\t\t\t\t\t<span class=\"meta\"> 2 octubre, 2018 <\/span> \r\n\t\t\t\t\t\t\t\t\t<h3 class=\"title\">Arroz Frito<\/h3>\t\r\n\t\t\t\t\t\t\t\t<\/div><!--\/post-header-->\r\n\t\t\t\t\t\t\t\t<div class=\"excerpt\">\r\n\t\t\t\t\t\t\t\t\tEl arroz al vapor es bueno, pero uno guisado es excelenteTiempo: 30 minutos Ingredientes Arroz Cebolla Ajo Claras de Huevo Aceite Zanahoria Ch\u00edcharo cocido Pimienta Preparaci\u00f3n Fr\u00eda las claras de&hellip;\t\t\t\t\t\t\t\t<\/div>\r\n\t\t\t\t\t\t\t<\/div>\r\n\t\t\t\t\t\t\t\r\n\t\t\t\t\t\t\t<div class=\"post-meta\">\r\n\t\t\t\t\t\t\t\t<span class=\"meta-author\"> <a href=\"https:\/\/cemer.mx\/nutriren\/author\/admin\/\"> <i class=\"icon-default-style icon-salient-m-user\"><\/i> Admin<\/a> <\/span> \r\n\t\t\t\t\t\t\t\t\r\n\t\t\t\t\t\t\t\t\t\t\t\t\t\t\t\t\t<span class=\"meta-comment-count\">  <a href=\"https:\/\/cemer.mx\/nutriren\/arroz-frito\/#respond\">\r\n\t\t\t\t\t\t\t\t\t\t<i class=\"icon-default-style steadysets-icon-chat-3\"><\/i> 0<\/a>\r\n\t\t\t\t\t\t\t\t\t<\/span>\r\n\t\t\t\t\t\t\t\t\t\t\t\t\t\t\t\t\r\n\t\t\t\t\t\t\t\t<div class=\"nectar-love-wrap\">\r\n\t\t\t\t\t\t\t\t\t<a href=\"#\" class=\"nectar-love\" id=\"nectar-love-755\" title=\"Love this\"> <i class=\"icon-salient-heart-2\"><\/i><span class=\"nectar-love-count\">3<\/span><\/a>\t\t\t\t\t\t\t\t<\/div><!--\/nectar-love-wrap-->\t\r\n\t\t\t\t\t\t\t<\/div>\r\n\r\n\t\t\t\t\t\t<\/div>\r\n\r\n\t\t\t\t\t\t\t\t\t\t\t\r\n\t\t\t\t<\/div><!--\/col-->\r\n\t\t\t\t\r\n\t\t\t\t\r\n\t\t\t\t<div class=\"col span_3 post-784 post type-post status-publish format-standard has-post-thumbnail hentry category-comidas\" >\r\n\t\t\t\t\t\r\n\t\t\t\t\t\r\n\t\t\t\t\t\t\t<div class=\"inner-wrap post-784 post type-post status-publish format-standard has-post-thumbnail hentry category-comidas\">\r\n\r\n\t\t\t\t\t\t\t<a href=\"https:\/\/cemer.mx\/nutriren\/enchiladas-rojas-de-requeson\/\" class=\"img-link\"><span class=\"post-featured-img\"><img loading=\"lazy\" decoding=\"async\" width=\"201\" height=\"201\" src=\"https:\/\/cemer.mx\/nutriren\/wp-content\/uploads\/sites\/3\/2018\/10\/201-3.jpeg\" class=\"attachment-tall size-tall wp-post-image\" alt=\"\" title=\"\" sizes=\"auto, (min-width: 1300px) 25vw, (min-width: 1000px) 33vw, (min-width: 690px) 100vw, 100vw\" srcset=\"https:\/\/cemer.mx\/nutriren\/wp-content\/uploads\/sites\/3\/2018\/10\/201-3.jpeg 201w, https:\/\/cemer.mx\/nutriren\/wp-content\/uploads\/sites\/3\/2018\/10\/201-3-150x150.jpeg 150w, https:\/\/cemer.mx\/nutriren\/wp-content\/uploads\/sites\/3\/2018\/10\/201-3-100x100.jpeg 100w, https:\/\/cemer.mx\/nutriren\/wp-content\/uploads\/sites\/3\/2018\/10\/201-3-140x140.jpeg 140w\" \/><\/span><\/a>\r\n\t\t\t\t\t\t\t<span class=\"meta-category\"><a class=\"comidas\" href=\"https:\/\/cemer.mx\/nutriren\/categoria\/comidas\/\">Comidas<\/a><\/span>\t\t\t\t\t\t\t\t\r\n\t\t\t\t\t\t\t<a class=\"entire-meta-link\" href=\"https:\/\/cemer.mx\/nutriren\/enchiladas-rojas-de-requeson\/\"><\/a>\r\n\r\n\t\t\t\t\t\t\t<div class=\"article-content-wrap\">\r\n\t\t\t\t\t\t\t\t<div class=\"post-header\">\r\n\t\t\t\t\t\t\t\t\t<span class=\"meta\"> 2 octubre, 2018 <\/span> \r\n\t\t\t\t\t\t\t\t\t<h3 class=\"title\">Enchiladas rojas de Reques\u00f3n<\/h3>\t\r\n\t\t\t\t\t\t\t\t<\/div><!--\/post-header-->\r\n\t\t\t\t\t\t\t\t<div class=\"excerpt\">\r\n\t\t\t\t\t\t\t\t\tA veces la preparaci\u00f3n de los platillos para un familiar que vive con la Enfermedad Renal Cr\u00f3nica se vuelve dif\u00edcil por falta de informaci\u00f3n, nutriren\u00ae te recomienda adquirir recetarios de&hellip;\t\t\t\t\t\t\t\t<\/div>\r\n\t\t\t\t\t\t\t<\/div>\r\n\t\t\t\t\t\t\t\r\n\t\t\t\t\t\t\t<div class=\"post-meta\">\r\n\t\t\t\t\t\t\t\t<span class=\"meta-author\"> <a href=\"https:\/\/cemer.mx\/nutriren\/author\/admin\/\"> <i class=\"icon-default-style icon-salient-m-user\"><\/i> Admin<\/a> <\/span> \r\n\t\t\t\t\t\t\t\t\r\n\t\t\t\t\t\t\t\t\t\t\t\t\t\t\t\t\t<span class=\"meta-comment-count\">  <a href=\"https:\/\/cemer.mx\/nutriren\/enchiladas-rojas-de-requeson\/#respond\">\r\n\t\t\t\t\t\t\t\t\t\t<i class=\"icon-default-style steadysets-icon-chat-3\"><\/i> 0<\/a>\r\n\t\t\t\t\t\t\t\t\t<\/span>\r\n\t\t\t\t\t\t\t\t\t\t\t\t\t\t\t\t\r\n\t\t\t\t\t\t\t\t<div class=\"nectar-love-wrap\">\r\n\t\t\t\t\t\t\t\t\t<a href=\"#\" class=\"nectar-love\" id=\"nectar-love-784\" title=\"Love this\"> <i class=\"icon-salient-heart-2\"><\/i><span class=\"nectar-love-count\">1<\/span><\/a>\t\t\t\t\t\t\t\t<\/div><!--\/nectar-love-wrap-->\t\r\n\t\t\t\t\t\t\t<\/div>\r\n\r\n\t\t\t\t\t\t<\/div>\r\n\r\n\t\t\t\t\t\t\t\t\t\t\t\r\n\t\t\t\t<\/div><!--\/col-->\r\n\t\t\t\t\r\n\t\t\t\t\t\t\r\n\t\t\t<\/div><!--\/blog-recent-->\r\n\t\t\r\n\t\t[\/vc_column_inner][\/vc_row_inner][\/vc_column][\/vc_row][vc_row type=\u00bbfull_width_background\u00bb full_screen_row_position=\u00bbmiddle\u00bb full_height=\u00bbyes\u00bb bg_color=\u00bb#ffffff\u00bb scene_position=\u00bbcenter\u00bb text_color=\u00bbdark\u00bb text_align=\u00bbcenter\u00bb top_padding=\u00bb80&#8243; bottom_padding=\u00bb80&#8243; overlay_strength=\u00bb0.3&#8243; shape_divider_position=\u00bbbottom\u00bb shape_type=\u00bb\u00bb][vc_column column_padding=\u00bbno-extra-padding\u00bb column_padding_position=\u00bball\u00bb background_color_opacity=\u00bb1&#8243; background_hover_color_opacity=\u00bb1&#8243; column_shadow=\u00bbnone\u00bb column_border_radius=\u00bbnone\u00bb width=\u00bb1\/1&#8243; tablet_text_alignment=\u00bbdefault\u00bb phone_text_alignment=\u00bbdefault\u00bb column_border_width=\u00bbnone\u00bb column_border_style=\u00bbsolid\u00bb][vc_row_inner column_margin=\u00bbdefault\u00bb text_align=\u00bbleft\u00bb el_id=\u00bbtext-promo-inicio\u00bb][vc_column_inner column_padding=\u00bbno-extra-padding\u00bb column_padding_position=\u00bball\u00bb background_color_opacity=\u00bb1&#8243; background_hover_color_opacity=\u00bb1&#8243; column_shadow=\u00bbnone\u00bb column_border_radius=\u00bbnone\u00bb width=\u00bb3\/12&#8243; column_border_width=\u00bbnone\u00bb column_border_style=\u00bbsolid\u00bb][\/vc_column_inner][vc_column_inner column_padding=\u00bbno-extra-padding\u00bb column_padding_position=\u00bball\u00bb background_color_opacity=\u00bb1&#8243; background_hover_color_opacity=\u00bb1&#8243; column_shadow=\u00bbnone\u00bb column_border_radius=\u00bbnone\u00bb width=\u00bb6\/12&#8243; column_border_width=\u00bbnone\u00bb column_border_style=\u00bbsolid\u00bb]<div class=\"img-with-aniamtion-wrap center\" data-max-width=\"100%\" data-border-radius=\"none\"><div class=\"inner\"><img loading=\"lazy\" decoding=\"async\" data-shadow=\"none\" data-shadow-direction=\"middle\" class=\"img-with-animation \" data-delay=\"0\" height=\"209\" width=\"601\" data-animation=\"fade-in\" src=\"https:\/\/cemer.mx\/nutriren\/wp-content\/uploads\/sites\/3\/2018\/10\/logo-dark-unitae.png\" srcset=\"https:\/\/cemer.mx\/nutriren\/wp-content\/uploads\/sites\/3\/2018\/10\/logo-dark-unitae.png 601w, https:\/\/cemer.mx\/nutriren\/wp-content\/uploads\/sites\/3\/2018\/10\/logo-dark-unitae-300x104.png 300w, https:\/\/cemer.mx\/nutriren\/wp-content\/uploads\/sites\/3\/2018\/10\/logo-dark-unitae-600x209.png 600w\" sizes=\"auto, 100vw\" alt=\"\" \/><\/div><\/div>[vc_custom_heading text=\u00bbUnidad de Trasplante de Alta Especialidad. Centro de atenci\u00f3n para pacientes con enfermedades cr\u00f3nicas que requieren de un \u00f3rgano y sus cuidados.\u00bb font_container=\u00bbtag:h4|text_align:center|color:%239d9fa1&#8243; use_theme_fonts=\u00bbyes\u00bb css=\u00bb.vc_custom_1538412997914{margin-top: 20px !important;}\u00bb]<div class=\"img-with-aniamtion-wrap center\" data-max-width=\"100%\" data-border-radius=\"none\"><div class=\"inner\"><img loading=\"lazy\" decoding=\"async\" data-shadow=\"none\" data-shadow-direction=\"middle\" class=\"img-with-animation \" data-delay=\"0\" height=\"342\" width=\"361\" data-animation=\"fade-in\" src=\"https:\/\/cemer.mx\/nutriren\/wp-content\/uploads\/sites\/3\/2018\/10\/corazon-inicio.png\" srcset=\"https:\/\/cemer.mx\/nutriren\/wp-content\/uploads\/sites\/3\/2018\/10\/corazon-inicio.png 361w, https:\/\/cemer.mx\/nutriren\/wp-content\/uploads\/sites\/3\/2018\/10\/corazon-inicio-300x284.png 300w\" sizes=\"auto, 100vw\" alt=\"\" \/><\/div><\/div>[nectar_btn size=\u00bbjumbo\u00bb open_new_tab=\u00bbtrue\u00bb button_style=\u00bbsee-through-3&#8243; color_override=\u00bb#f5a131&#8243; hover_color_override=\u00bb#ef757a\u00bb hover_text_color_override=\u00bb#ffffff\u00bb icon_family=\u00bbnone\u00bb el_class=\u00bbboton-promo\u00bb url=\u00bbhttp:\/\/cemer.mx\/unitae\u00bb text=\u00bbConocer\u00bb][\/vc_column_inner][vc_column_inner column_padding=\u00bbno-extra-padding\u00bb column_padding_position=\u00bball\u00bb background_color_opacity=\u00bb1&#8243; background_hover_color_opacity=\u00bb1&#8243; column_shadow=\u00bbnone\u00bb column_border_radius=\u00bbnone\u00bb width=\u00bb3\/12&#8243; column_border_width=\u00bbnone\u00bb column_border_style=\u00bbsolid\u00bb][\/vc_column_inner][\/vc_row_inner][\/vc_column][\/vc_row]\n","protected":false},"excerpt":{"rendered":"<p>[vc_row type=\u00bbfull_width_background\u00bb full_screen_row_position=\u00bbmiddle\u00bb equal_height=\u00bbyes\u00bb content_placement=\u00bbbottom\u00bb bg_image=\u00bb615&#8243; bg_position=\u00bbleft top\u00bb bg_repeat=\u00bbno-repeat\u00bb full_height=\u00bbyes\u00bb scene_position=\u00bbcenter\u00bb text_color=\u00bblight\u00bb text_align=\u00bbcenter\u00bb id=\u00bbbanner-inicio\u00bb overlay_strength=\u00bb0.3&#8243; shape_divider_position=\u00bbbottom\u00bb shape_type=\u00bb\u00bb][vc_column column_padding=\u00bbno-extra-padding\u00bb column_padding_position=\u00bball\u00bb background_color_opacity=\u00bb1&#8243; background_hover_color_opacity=\u00bb1&#8243; column_shadow=\u00bbnone\u00bb column_border_radius=\u00bbnone\u00bb width=\u00bb1\/1&#8243; tablet_text_alignment=\u00bbdefault\u00bb phone_text_alignment=\u00bbdefault\u00bb column_border_width=\u00bbnone\u00bb column_border_style=\u00bbsolid\u00bb][vc_column_text el_id=\u00bbtitulo-inicio\u00bb css=\u00bb.vc_custom_1538411822695{margin-top:&#8230;<\/p>\n","protected":false},"author":1,"featured_media":0,"parent":0,"menu_order":0,"comment_status":"closed","ping_status":"closed","template":"","meta":{"footnotes":""},"class_list":["post-593","page","type-page","status-publish","hentry"],"_links":{"self":[{"href":"https:\/\/cemer.mx\/nutriren\/wp-json\/wp\/v2\/pages\/593","targetHints":{"allow":["GET"]}}],"collection":[{"href":"https:\/\/cemer.mx\/nutriren\/wp-json\/wp\/v2\/pages"}],"about":[{"href":"https:\/\/cemer.mx\/nutriren\/wp-json\/wp\/v2\/types\/page"}],"author":[{"embeddable":true,"href":"https:\/\/cemer.mx\/nutriren\/wp-json\/wp\/v2\/users\/1"}],"replies":[{"embeddable":true,"href":"https:\/\/cemer.mx\/nutriren\/wp-json\/wp\/v2\/comments?post=593"}],"version-history":[{"count":20,"href":"https:\/\/cemer.mx\/nutriren\/wp-json\/wp\/v2\/pages\/593\/revisions"}],"predecessor-version":[{"id":872,"href":"https:\/\/cemer.mx\/nutriren\/wp-json\/wp\/v2\/pages\/593\/revisions\/872"}],"wp:attachment":[{"href":"https:\/\/cemer.mx\/nutriren\/wp-json\/wp\/v2\/media?parent=593"}],"curies":[{"name":"wp","href":"https:\/\/api.w.org\/{rel}","templated":true}]}}