{"id":14,"date":"2018-09-25T18:17:45","date_gmt":"2018-09-25T18:17:45","guid":{"rendered":"http:\/\/cemer.mx\/new\/unitae\/?page_id=14"},"modified":"2024-12-02T18:13:48","modified_gmt":"2024-12-02T18:13:48","slug":"acerca-de-unitae","status":"publish","type":"page","link":"https:\/\/cemer.mx\/unitae\/acerca-de-unitae\/","title":{"rendered":"Acerca de unitae"},"content":{"rendered":"[vc_row type=\u00bbfull_width_background\u00bb full_screen_row_position=\u00bbmiddle\u00bb equal_height=\u00bbyes\u00bb content_placement=\u00bbbottom\u00bb full_height=\u00bbyes\u00bb bg_color=\u00bb#ffffff\u00bb scene_position=\u00bbcenter\u00bb text_color=\u00bbcustom\u00bb custom_text_color=\u00bb#000000&#8243; text_align=\u00bbleft\u00bb top_padding=\u00bb20&#8243; id=\u00bbbanner-inicio\u00bb overlay_strength=\u00bb0.3&#8243; shape_divider_position=\u00bbbottom\u00bb shape_type=\u00bb\u00bb][vc_column column_padding=\u00bbno-extra-padding\u00bb column_padding_position=\u00bball\u00bb background_color_opacity=\u00bb1&#8243; background_hover_color_opacity=\u00bb1&#8243; column_shadow=\u00bbnone\u00bb column_border_radius=\u00bbnone\u00bb width=\u00bb1\/1&#8243; tablet_text_alignment=\u00bbdefault\u00bb phone_text_alignment=\u00bbdefault\u00bb column_border_width=\u00bbnone\u00bb column_border_style=\u00bbsolid\u00bb][vc_custom_heading text=\u00bbAcerca de UNITAE\u00bb font_container=\u00bbtag:h1|text_align:center|color:%232b80c2&#8243; use_theme_fonts=\u00bbyes\u00bb css=\u00bb.vc_custom_1733163192252{margin-bottom: 50px !important;}\u00bb][vc_row_inner column_margin=\u00bbdefault\u00bb bottom_padding=\u00bb80&#8243; text_align=\u00bbleft\u00bb][vc_column_inner column_padding=\u00bbno-extra-padding\u00bb column_padding_position=\u00bball\u00bb background_color_opacity=\u00bb1&#8243; background_hover_color_opacity=\u00bb1&#8243; column_shadow=\u00bbnone\u00bb column_border_radius=\u00bbnone\u00bb width=\u00bb1\/1&#8243; column_border_width=\u00bbnone\u00bb column_border_style=\u00bbsolid\u00bb][vc_column_text max_width=\u00bb1200&#8243;]La Unidad de Trasplante de Alta Especialidad (UNITAE) es una Unidad M\u00e9dica altamente especializada para el manejo del paciente que requiere ser trasplantado para sobrevivir o del que ya recibi\u00f3 un \u00f3rgano con anterioridad. Hoy en d\u00eda, los trasplantes representan la \u00fanica forma de tratamiento para enfermedades terminales e irreversibles del ri\u00f1\u00f3n, h\u00edgado, p\u00e1ncreas e intestino. Por lo tanto, UNITAE atiende:<\/p>\n<p>\u2022 Pacientes con enfermedades renales como insuficiencia renal cr\u00f3nica terminal por causas desconocidas, por glomerulonefritis, enfermedades cong\u00e9nitas, glomeruloesclerosis, diabetes mellitus, enfermedad qu\u00edstica renal, etc\u00e9tera y que por lo tanto requiera de un trasplante de ri\u00f1\u00f3n.<\/p>\n<p>\u2022 Pacientes con enfermedades hep\u00e1ticas como cirrosis hep\u00e1tica por Virus B y C, por consumo de alcohol, por dep\u00f3sito de grasa, cirrosis biliar primaria, tumores o c\u00e1ncer del h\u00edgado, atresia de v\u00edas biliares, etc\u00e9tera. Tambi\u00e9n se atiende pacientes con insuficiencia hep\u00e1tica aguda como hepatitis fulminante por virus A, por medicamentos y otras enfermedades y que por lo tanto requiera un trasplante de h\u00edgado.<\/p>\n<p>\u2022 Pacientes con diabetes mellitus tipo 1 y que por lo tanto requiera un trasplante de p\u00e1ncreas.<\/p>\n<p>\u2022 Pacientes con diabetes mellitus tipo 1 con insuficiencia renal y que por lo tanto requiera un trasplante combinado Ri\u00f1\u00f3n\/P\u00e1ncreas.<\/p>\n<p>\u2022 Pacientes con falla intestinal debida a un intestino muy corto secundaria a resecciones del intestino debidas a diferentes causas.<\/p>\n<p>\u2022 Pacientes ya trasplantados de ri\u00f1\u00f3n, h\u00edgado, p\u00e1ncreas o trasplantes combinados que requieren seguimiento a largo plazo.<\/p>\n<p>\u2022 Pacientes sensibilizados por trasplantes previos, m\u00faltiples transfusiones o embarazos y que requieran de trasplante de ri\u00f1\u00f3n, h\u00edgado o p\u00e1ncreas.<\/p>\n<p>Para realizar estas actividades, UNITAE est\u00e1 conformado por un grupo de especialistas m\u00e9dicos de diferentes disciplinas incluyendo nefrolog\u00eda, cirug\u00eda de trasplante, medicina del paciente trasplantado, anestesiolog\u00eda, psicolog\u00eda, expertos en medicina cr\u00edtica, enfermedades digestivas, nutriolog\u00eda y urolog\u00eda entre otros.<\/p>\n<p>Hoy en d\u00eda, los trasplantes de ri\u00f1\u00f3n, h\u00edgado y p\u00e1ncreas pueden realizarse a partir de donadores cadav\u00e9ricos (multiorg\u00e1nicos) o donadores vivos. UNITAE, localizado dentro en Hospitales Puerta de Hierro, cuenta con toda la infraestructura necesaria para llevar a cabo estos procedimientos. En este sentido, los Hospitales Puerta de Hierro cuentan con cuartos de medicina critica equipados con infraestructura especialmente dise\u00f1ada para pacientes trasplantados, quir\u00f3fanos comunicados para trasplantes, salas quir\u00fargicas con c\u00e1maras y monitores de alta definici\u00f3n para cirug\u00eda de invasi\u00f3n m\u00ednima, el sistema rob\u00f3tico Da Vinci, lo \u00faltimo en tecnolog\u00eda en monitoreo del paciente cr\u00edtico, radiolog\u00eda, laboratorio, rehabilitaci\u00f3n y todos los medicamentos actualmente disponibles para realizar exitosamente trasplantes de \u00f3rganos.[\/vc_column_text][\/vc_column_inner][\/vc_row_inner][\/vc_column][\/vc_row][vc_row type=\u00bbfull_width_background\u00bb full_screen_row_position=\u00bbmiddle\u00bb bg_color=\u00bb#f1f1f1&#8243; scene_position=\u00bbcenter\u00bb text_color=\u00bbdark\u00bb text_align=\u00bbcenter\u00bb top_padding=\u00bb80&#8243; bottom_padding=\u00bb80&#8243; overlay_strength=\u00bb0.3&#8243; shape_divider_position=\u00bbbottom\u00bb shape_type=\u00bb\u00bb][vc_column column_padding=\u00bbno-extra-padding\u00bb column_padding_position=\u00bball\u00bb background_color_opacity=\u00bb1&#8243; background_hover_color_opacity=\u00bb1&#8243; column_shadow=\u00bbnone\u00bb column_border_radius=\u00bbnone\u00bb width=\u00bb1\/1&#8243; tablet_text_alignment=\u00bbdefault\u00bb phone_text_alignment=\u00bbdefault\u00bb column_border_width=\u00bbnone\u00bb column_border_style=\u00bbsolid\u00bb][vc_row_inner column_margin=\u00bbdefault\u00bb text_align=\u00bbleft\u00bb][vc_column_inner column_padding=\u00bbno-extra-padding\u00bb column_padding_position=\u00bball\u00bb background_color_opacity=\u00bb1&#8243; background_hover_color_opacity=\u00bb1&#8243; column_shadow=\u00bbnone\u00bb column_border_radius=\u00bbnone\u00bb width=\u00bb1\/3&#8243; column_border_width=\u00bbnone\u00bb column_border_style=\u00bbsolid\u00bb]<div class=\"img-with-aniamtion-wrap center\" data-max-width=\"100%\" data-border-radius=\"none\"><div class=\"inner\"><img loading=\"lazy\" decoding=\"async\" data-shadow=\"none\" data-shadow-direction=\"middle\" class=\"img-with-animation \" data-delay=\"500\" height=\"147\" width=\"147\" data-animation=\"fade-in\" src=\"https:\/\/cemer.mx\/unitae\/wp-content\/uploads\/sites\/4\/2024\/11\/1-1.png\" srcset=\"https:\/\/cemer.mx\/unitae\/wp-content\/uploads\/sites\/4\/2024\/11\/1-1.png 147w, https:\/\/cemer.mx\/unitae\/wp-content\/uploads\/sites\/4\/2024\/11\/1-1-100x100.png 100w, https:\/\/cemer.mx\/unitae\/wp-content\/uploads\/sites\/4\/2024\/11\/1-1-140x140.png 140w\" sizes=\"auto, 100vw\" alt=\"\" \/><\/div><\/div>[\/vc_column_inner][vc_column_inner column_padding=\u00bbno-extra-padding\u00bb column_padding_position=\u00bball\u00bb background_color_opacity=\u00bb1&#8243; background_hover_color_opacity=\u00bb1&#8243; column_shadow=\u00bbnone\u00bb column_border_radius=\u00bbnone\u00bb width=\u00bb1\/3&#8243; column_border_width=\u00bbnone\u00bb column_border_style=\u00bbsolid\u00bb]<div class=\"img-with-aniamtion-wrap center\" data-max-width=\"100%\" data-border-radius=\"none\"><div class=\"inner\"><img loading=\"lazy\" decoding=\"async\" data-shadow=\"none\" data-shadow-direction=\"middle\" class=\"img-with-animation \" data-delay=\"500\" height=\"147\" width=\"147\" data-animation=\"fade-in\" src=\"https:\/\/cemer.mx\/unitae\/wp-content\/uploads\/sites\/4\/2024\/11\/3-1.png\" srcset=\"https:\/\/cemer.mx\/unitae\/wp-content\/uploads\/sites\/4\/2024\/11\/3-1.png 147w, https:\/\/cemer.mx\/unitae\/wp-content\/uploads\/sites\/4\/2024\/11\/3-1-100x100.png 100w, https:\/\/cemer.mx\/unitae\/wp-content\/uploads\/sites\/4\/2024\/11\/3-1-140x140.png 140w\" sizes=\"auto, 100vw\" alt=\"\" \/><\/div><\/div>[\/vc_column_inner][vc_column_inner column_padding=\u00bbno-extra-padding\u00bb column_padding_position=\u00bball\u00bb background_color_opacity=\u00bb1&#8243; background_hover_color_opacity=\u00bb1&#8243; column_shadow=\u00bbnone\u00bb column_border_radius=\u00bbnone\u00bb width=\u00bb1\/3&#8243; column_border_width=\u00bbnone\u00bb column_border_style=\u00bbsolid\u00bb]<div class=\"img-with-aniamtion-wrap center\" data-max-width=\"100%\" data-border-radius=\"none\"><div class=\"inner\"><img loading=\"lazy\" decoding=\"async\" data-shadow=\"none\" data-shadow-direction=\"middle\" class=\"img-with-animation \" data-delay=\"500\" height=\"147\" width=\"147\" data-animation=\"fade-in\" src=\"https:\/\/cemer.mx\/unitae\/wp-content\/uploads\/sites\/4\/2024\/11\/2-1.png\" srcset=\"https:\/\/cemer.mx\/unitae\/wp-content\/uploads\/sites\/4\/2024\/11\/2-1.png 147w, https:\/\/cemer.mx\/unitae\/wp-content\/uploads\/sites\/4\/2024\/11\/2-1-100x100.png 100w, https:\/\/cemer.mx\/unitae\/wp-content\/uploads\/sites\/4\/2024\/11\/2-1-140x140.png 140w\" sizes=\"auto, 100vw\" alt=\"\" \/><\/div><\/div>[\/vc_column_inner][\/vc_row_inner][vc_row_inner column_margin=\u00bbdefault\u00bb text_align=\u00bbleft\u00bb][vc_column_inner column_padding=\u00bbno-extra-padding\u00bb column_padding_position=\u00bball\u00bb background_color_opacity=\u00bb1&#8243; background_hover_color_opacity=\u00bb1&#8243; column_shadow=\u00bbnone\u00bb column_border_radius=\u00bbnone\u00bb width=\u00bb1\/3&#8243; column_border_width=\u00bbnone\u00bb column_border_style=\u00bbsolid\u00bb][vc_custom_heading text=\u00bbTrasplante de ri\u00f1\u00f3n\u00bb font_container=\u00bbtag:h4|font_size:20|text_align:center|color:%23696969&#8243; use_theme_fonts=\u00bbyes\u00bb el_class=\u00bbtrasplante-de-tal\u00bb][\/vc_column_inner][vc_column_inner column_padding=\u00bbno-extra-padding\u00bb column_padding_position=\u00bball\u00bb background_color_opacity=\u00bb1&#8243; background_hover_color_opacity=\u00bb1&#8243; column_shadow=\u00bbnone\u00bb column_border_radius=\u00bbnone\u00bb width=\u00bb1\/3&#8243; column_border_width=\u00bbnone\u00bb column_border_style=\u00bbsolid\u00bb][vc_custom_heading text=\u00bbTrasplante de h\u00edgado\u00bb font_container=\u00bbtag:h4|font_size:20|text_align:center|color:%23696969&#8243; use_theme_fonts=\u00bbyes\u00bb el_class=\u00bbtrasplante-de-tal\u00bb][\/vc_column_inner][vc_column_inner column_padding=\u00bbno-extra-padding\u00bb column_padding_position=\u00bball\u00bb background_color_opacity=\u00bb1&#8243; background_hover_color_opacity=\u00bb1&#8243; column_shadow=\u00bbnone\u00bb column_border_radius=\u00bbnone\u00bb width=\u00bb1\/3&#8243; column_border_width=\u00bbnone\u00bb column_border_style=\u00bbsolid\u00bb][vc_custom_heading text=\u00bbTrasplante de p\u00e1ncreas\u00bb font_container=\u00bbtag:h4|font_size:20|text_align:center|color:%23696969&#8243; use_theme_fonts=\u00bbyes\u00bb el_class=\u00bbtrasplante-de-tal\u00bb][\/vc_column_inner][\/vc_row_inner][vc_row_inner column_margin=\u00bbdefault\u00bb text_align=\u00bbleft\u00bb][vc_column_inner column_padding=\u00bbno-extra-padding\u00bb column_padding_position=\u00bball\u00bb background_color_opacity=\u00bb1&#8243; background_hover_color_opacity=\u00bb1&#8243; column_shadow=\u00bbnone\u00bb column_border_radius=\u00bbnone\u00bb width=\u00bb1\/3&#8243; column_border_width=\u00bbnone\u00bb column_border_style=\u00bbsolid\u00bb][nectar_btn size=\u00bbjumbo\u00bb button_style=\u00bbsee-through-3&#8243; color_override=\u00bb#f1f1f1&#8243; hover_color_override=\u00bb#f5a131&#8243; hover_text_color_override=\u00bb#ffffff\u00bb icon_family=\u00bbnone\u00bb el_class=\u00bbboton-promo\u00bb url=\u00bbhttp:\/\/cemer.mx\/new\/unitae\/trasplantes\/renal\/\u00bb text=\u00bbM\u00e1s\u00bb][\/vc_column_inner][vc_column_inner column_padding=\u00bbno-extra-padding\u00bb column_padding_position=\u00bball\u00bb background_color_opacity=\u00bb1&#8243; background_hover_color_opacity=\u00bb1&#8243; column_shadow=\u00bbnone\u00bb column_border_radius=\u00bbnone\u00bb width=\u00bb1\/3&#8243; column_border_width=\u00bbnone\u00bb column_border_style=\u00bbsolid\u00bb][nectar_btn size=\u00bbjumbo\u00bb button_style=\u00bbsee-through-3&#8243; color_override=\u00bb#f1f1f1&#8243; hover_color_override=\u00bb#f5a131&#8243; hover_text_color_override=\u00bb#ffffff\u00bb icon_family=\u00bbnone\u00bb el_class=\u00bbboton-promo\u00bb url=\u00bbhttp:\/\/cemer.mx\/new\/unitae\/trasplantes\/hepatico\u00bb text=\u00bbM\u00e1s\u00bb][\/vc_column_inner][vc_column_inner column_padding=\u00bbno-extra-padding\u00bb column_padding_position=\u00bball\u00bb background_color_opacity=\u00bb1&#8243; background_hover_color_opacity=\u00bb1&#8243; column_shadow=\u00bbnone\u00bb column_border_radius=\u00bbnone\u00bb width=\u00bb1\/3&#8243; column_border_width=\u00bbnone\u00bb column_border_style=\u00bbsolid\u00bb][nectar_btn size=\u00bbjumbo\u00bb button_style=\u00bbsee-through-3&#8243; color_override=\u00bb#f1f1f1&#8243; hover_color_override=\u00bb#f5a131&#8243; hover_text_color_override=\u00bb#ffffff\u00bb icon_family=\u00bbnone\u00bb el_class=\u00bbboton-promo\u00bb url=\u00bbhttp:\/\/cemer.mx\/new\/unitae\/trasplantes\/pancreas\/\u00bb text=\u00bbM\u00e1s\u00bb][\/vc_column_inner][\/vc_row_inner][\/vc_column][\/vc_row][vc_row type=\u00bbfull_width_background\u00bb full_screen_row_position=\u00bbmiddle\u00bb bg_image=\u00bb247&#8243; bg_position=\u00bbcenter center\u00bb bg_repeat=\u00bbno-repeat\u00bb bg_color=\u00bb#9f3984&#8243; scene_position=\u00bbcenter\u00bb text_color=\u00bbdark\u00bb text_align=\u00bbcenter\u00bb top_padding=\u00bb80&#8243; bottom_padding=\u00bb80&#8243; class=\u00bbimagenes-aseguradoras\u00bb overlay_strength=\u00bb0.3&#8243; shape_divider_position=\u00bbbottom\u00bb shape_type=\u00bb\u00bb][vc_column column_padding=\u00bbno-extra-padding\u00bb column_padding_position=\u00bball\u00bb background_color_opacity=\u00bb1&#8243; background_hover_color_opacity=\u00bb1&#8243; column_shadow=\u00bbnone\u00bb column_border_radius=\u00bbnone\u00bb width=\u00bb1\/1&#8243; tablet_text_alignment=\u00bbdefault\u00bb phone_text_alignment=\u00bbdefault\u00bb column_border_width=\u00bbnone\u00bb column_border_style=\u00bbsolid\u00bb][vc_custom_heading text=\u00bbAseguradoras\u00bb font_container=\u00bbtag:h2|text_align:center|color:%23d2a3c7&#8243; use_theme_fonts=\u00bbyes\u00bb][vc_row_inner column_margin=\u00bbdefault\u00bb text_align=\u00bbleft\u00bb][vc_column_inner column_padding=\u00bbno-extra-padding\u00bb column_padding_position=\u00bball\u00bb background_color_opacity=\u00bb1&#8243; background_hover_color_opacity=\u00bb1&#8243; column_shadow=\u00bbnone\u00bb column_border_radius=\u00bbnone\u00bb width=\u00bb1\/4&#8243; column_border_width=\u00bbnone\u00bb column_border_style=\u00bbsolid\u00bb]<div class=\"img-with-aniamtion-wrap center\" data-max-width=\"100%\" data-border-radius=\"none\"><div class=\"inner\"><img loading=\"lazy\" decoding=\"async\" data-shadow=\"none\" data-shadow-direction=\"middle\" class=\"img-with-animation \" data-delay=\"0\" height=\"96\" width=\"216\" data-animation=\"fade-in\" src=\"https:\/\/cemer.mx\/unitae\/wp-content\/uploads\/sites\/4\/2018\/09\/us-axa.png\"  alt=\"\" \/><\/div><\/div>[\/vc_column_inner][vc_column_inner column_padding=\u00bbno-extra-padding\u00bb column_padding_position=\u00bball\u00bb background_color_opacity=\u00bb1&#8243; background_hover_color_opacity=\u00bb1&#8243; column_shadow=\u00bbnone\u00bb column_border_radius=\u00bbnone\u00bb width=\u00bb1\/4&#8243; column_border_width=\u00bbnone\u00bb column_border_style=\u00bbsolid\u00bb]<div class=\"img-with-aniamtion-wrap center\" data-max-width=\"100%\" data-border-radius=\"none\"><div class=\"inner\"><img loading=\"lazy\" decoding=\"async\" data-shadow=\"none\" data-shadow-direction=\"middle\" class=\"img-with-animation \" data-delay=\"0\" height=\"96\" width=\"216\" data-animation=\"fade-in\" src=\"https:\/\/cemer.mx\/unitae\/wp-content\/uploads\/sites\/4\/2018\/09\/us-banrural.png\"  alt=\"\" \/><\/div><\/div>[\/vc_column_inner][vc_column_inner column_padding=\u00bbno-extra-padding\u00bb column_padding_position=\u00bball\u00bb background_color_opacity=\u00bb1&#8243; background_hover_color_opacity=\u00bb1&#8243; column_shadow=\u00bbnone\u00bb column_border_radius=\u00bbnone\u00bb width=\u00bb1\/4&#8243; column_border_width=\u00bbnone\u00bb column_border_style=\u00bbsolid\u00bb]<div class=\"img-with-aniamtion-wrap center\" data-max-width=\"100%\" data-border-radius=\"none\"><div class=\"inner\"><img loading=\"lazy\" decoding=\"async\" data-shadow=\"none\" data-shadow-direction=\"middle\" class=\"img-with-animation \" data-delay=\"0\" height=\"142\" width=\"319\" data-animation=\"fade-in\" src=\"https:\/\/cemer.mx\/unitae\/wp-content\/uploads\/sites\/4\/2018\/09\/us-bupa.png\" srcset=\"https:\/\/cemer.mx\/unitae\/wp-content\/uploads\/sites\/4\/2018\/09\/us-bupa.png 319w, https:\/\/cemer.mx\/unitae\/wp-content\/uploads\/sites\/4\/2018\/09\/us-bupa-300x134.png 300w\" sizes=\"auto, 100vw\" alt=\"\" \/><\/div><\/div>[\/vc_column_inner][vc_column_inner column_padding=\u00bbno-extra-padding\u00bb column_padding_position=\u00bball\u00bb background_color_opacity=\u00bb1&#8243; background_hover_color_opacity=\u00bb1&#8243; column_shadow=\u00bbnone\u00bb column_border_radius=\u00bbnone\u00bb width=\u00bb1\/4&#8243; column_border_width=\u00bbnone\u00bb column_border_style=\u00bbsolid\u00bb]<div class=\"img-with-aniamtion-wrap center\" data-max-width=\"100%\" data-border-radius=\"none\"><div class=\"inner\"><img loading=\"lazy\" decoding=\"async\" data-shadow=\"none\" data-shadow-direction=\"middle\" class=\"img-with-animation \" data-delay=\"0\" height=\"100\" width=\"170\" data-animation=\"fade-in\" src=\"https:\/\/cemer.mx\/unitae\/wp-content\/uploads\/sites\/4\/2018\/09\/us-gnp.png\"  alt=\"\" \/><\/div><\/div>[\/vc_column_inner][\/vc_row_inner][vc_row_inner column_margin=\u00bbdefault\u00bb text_align=\u00bbleft\u00bb][vc_column_inner column_padding=\u00bbno-extra-padding\u00bb column_padding_position=\u00bball\u00bb background_color_opacity=\u00bb1&#8243; background_hover_color_opacity=\u00bb1&#8243; column_shadow=\u00bbnone\u00bb column_border_radius=\u00bbnone\u00bb width=\u00bb1\/4&#8243; column_border_width=\u00bbnone\u00bb column_border_style=\u00bbsolid\u00bb]<div class=\"img-with-aniamtion-wrap center\" data-max-width=\"100%\" data-border-radius=\"none\"><div class=\"inner\"><img loading=\"lazy\" decoding=\"async\" data-shadow=\"none\" data-shadow-direction=\"middle\" class=\"img-with-animation \" data-delay=\"0\" height=\"97\" width=\"253\" data-animation=\"fade-in\" src=\"https:\/\/cemer.mx\/unitae\/wp-content\/uploads\/sites\/4\/2018\/09\/us-inbursa.png\"  alt=\"\" \/><\/div><\/div>[\/vc_column_inner][vc_column_inner column_padding=\u00bbno-extra-padding\u00bb column_padding_position=\u00bball\u00bb background_color_opacity=\u00bb1&#8243; background_hover_color_opacity=\u00bb1&#8243; column_shadow=\u00bbnone\u00bb column_border_radius=\u00bbnone\u00bb width=\u00bb1\/4&#8243; column_border_width=\u00bbnone\u00bb column_border_style=\u00bbsolid\u00bb]<div class=\"img-with-aniamtion-wrap center\" data-max-width=\"100%\" data-border-radius=\"none\"><div class=\"inner\"><img loading=\"lazy\" decoding=\"async\" data-shadow=\"none\" data-shadow-direction=\"middle\" class=\"img-with-animation \" data-delay=\"0\" height=\"96\" width=\"216\" data-animation=\"fade-in\" src=\"https:\/\/cemer.mx\/unitae\/wp-content\/uploads\/sites\/4\/2018\/09\/us-metlife.png\"  alt=\"\" \/><\/div><\/div>[\/vc_column_inner][vc_column_inner column_padding=\u00bbno-extra-padding\u00bb column_padding_position=\u00bball\u00bb background_color_opacity=\u00bb1&#8243; background_hover_color_opacity=\u00bb1&#8243; column_shadow=\u00bbnone\u00bb column_border_radius=\u00bbnone\u00bb width=\u00bb1\/4&#8243; column_border_width=\u00bbnone\u00bb column_border_style=\u00bbsolid\u00bb]<div class=\"img-with-aniamtion-wrap center\" data-max-width=\"100%\" data-border-radius=\"none\"><div class=\"inner\"><img loading=\"lazy\" decoding=\"async\" data-shadow=\"none\" data-shadow-direction=\"middle\" class=\"img-with-animation \" data-delay=\"0\" height=\"96\" width=\"216\" data-animation=\"fade-in\" src=\"https:\/\/cemer.mx\/unitae\/wp-content\/uploads\/sites\/4\/2018\/09\/us-metlife.png\"  alt=\"\" \/><\/div><\/div>[\/vc_column_inner][vc_column_inner column_padding=\u00bbno-extra-padding\u00bb column_padding_position=\u00bball\u00bb background_color_opacity=\u00bb1&#8243; background_hover_color_opacity=\u00bb1&#8243; column_shadow=\u00bbnone\u00bb column_border_radius=\u00bbnone\u00bb width=\u00bb1\/4&#8243; column_border_width=\u00bbnone\u00bb column_border_style=\u00bbsolid\u00bb]<div class=\"img-with-aniamtion-wrap center\" data-max-width=\"100%\" data-border-radius=\"none\"><div class=\"inner\"><img loading=\"lazy\" decoding=\"async\" data-shadow=\"none\" data-shadow-direction=\"middle\" class=\"img-with-animation \" data-delay=\"0\" height=\"100\" width=\"261\" data-animation=\"fade-in\" src=\"https:\/\/cemer.mx\/unitae\/wp-content\/uploads\/sites\/4\/2018\/09\/us-planseguro.png\"  alt=\"\" \/><\/div><\/div>[\/vc_column_inner][\/vc_row_inner][vc_row_inner column_margin=\u00bbdefault\u00bb text_align=\u00bbleft\u00bb][vc_column_inner column_padding=\u00bbno-extra-padding\u00bb column_padding_position=\u00bball\u00bb background_color_opacity=\u00bb1&#8243; background_hover_color_opacity=\u00bb1&#8243; column_shadow=\u00bbnone\u00bb column_border_radius=\u00bbnone\u00bb width=\u00bb1\/4&#8243; column_border_width=\u00bbnone\u00bb column_border_style=\u00bbsolid\u00bb]<div class=\"img-with-aniamtion-wrap center\" data-max-width=\"100%\" data-border-radius=\"none\"><div class=\"inner\"><img loading=\"lazy\" decoding=\"async\" data-shadow=\"none\" data-shadow-direction=\"middle\" class=\"img-with-animation \" data-delay=\"0\" height=\"100\" width=\"261\" data-animation=\"fade-in\" src=\"https:\/\/cemer.mx\/unitae\/wp-content\/uploads\/sites\/4\/2018\/09\/us-s-atlas.png\"  alt=\"\" \/><\/div><\/div>[\/vc_column_inner][vc_column_inner column_padding=\u00bbno-extra-padding\u00bb column_padding_position=\u00bball\u00bb background_color_opacity=\u00bb1&#8243; background_hover_color_opacity=\u00bb1&#8243; column_shadow=\u00bbnone\u00bb column_border_radius=\u00bbnone\u00bb width=\u00bb1\/4&#8243; column_border_width=\u00bbnone\u00bb column_border_style=\u00bbsolid\u00bb]<div class=\"img-with-aniamtion-wrap center\" data-max-width=\"100%\" data-border-radius=\"none\"><div class=\"inner\"><img loading=\"lazy\" decoding=\"async\" data-shadow=\"none\" data-shadow-direction=\"middle\" class=\"img-with-animation \" data-delay=\"0\" height=\"100\" width=\"170\" data-animation=\"fade-in\" src=\"https:\/\/cemer.mx\/unitae\/wp-content\/uploads\/sites\/4\/2018\/09\/us-s-monterrey.png\"  alt=\"\" \/><\/div><\/div>[\/vc_column_inner][vc_column_inner column_padding=\u00bbno-extra-padding\u00bb column_padding_position=\u00bball\u00bb background_color_opacity=\u00bb1&#8243; background_hover_color_opacity=\u00bb1&#8243; column_shadow=\u00bbnone\u00bb column_border_radius=\u00bbnone\u00bb width=\u00bb1\/4&#8243; column_border_width=\u00bbnone\u00bb column_border_style=\u00bbsolid\u00bb]<div class=\"img-with-aniamtion-wrap center\" data-max-width=\"100%\" data-border-radius=\"none\"><div class=\"inner\"><img loading=\"lazy\" decoding=\"async\" data-shadow=\"none\" data-shadow-direction=\"middle\" class=\"img-with-animation \" data-delay=\"0\" height=\"96\" width=\"216\" data-animation=\"fade-in\" src=\"https:\/\/cemer.mx\/unitae\/wp-content\/uploads\/sites\/4\/2018\/09\/us-zurich.png\"  alt=\"\" \/><\/div><\/div>[\/vc_column_inner][vc_column_inner column_padding=\u00bbno-extra-padding\u00bb column_padding_position=\u00bball\u00bb background_color_opacity=\u00bb1&#8243; background_hover_color_opacity=\u00bb1&#8243; column_shadow=\u00bbnone\u00bb column_border_radius=\u00bbnone\u00bb width=\u00bb1\/4&#8243; column_border_width=\u00bbnone\u00bb column_border_style=\u00bbsolid\u00bb][\/vc_column_inner][\/vc_row_inner][\/vc_column][\/vc_row][vc_row type=\u00bbfull_width_background\u00bb full_screen_row_position=\u00bbmiddle\u00bb bg_color=\u00bb#6a6a6a\u00bb scene_position=\u00bbcenter\u00bb text_color=\u00bblight\u00bb text_align=\u00bbcenter\u00bb overlay_strength=\u00bb0.3&#8243; shape_divider_position=\u00bbbottom\u00bb shape_type=\u00bb\u00bb][\/vc_row][vc_column column_padding=\u00bbno-extra-padding\u00bb column_padding_position=\u00bball\u00bb background_color_opacity=\u00bb1&#8243; background_hover_color_opacity=\u00bb1&#8243; column_shadow=\u00bbnone\u00bb column_border_radius=\u00bbnone\u00bb width=\u00bb1\/1&#8243; tablet_text_alignment=\u00bbdefault\u00bb phone_text_alignment=\u00bbdefault\u00bb column_border_width=\u00bbnone\u00bb column_border_style=\u00bbsolid\u00bb][\/vc_column]\n","protected":false},"excerpt":{"rendered":"<p>[vc_row type=\u00bbfull_width_background\u00bb full_screen_row_position=\u00bbmiddle\u00bb equal_height=\u00bbyes\u00bb content_placement=\u00bbbottom\u00bb full_height=\u00bbyes\u00bb bg_color=\u00bb#ffffff\u00bb scene_position=\u00bbcenter\u00bb text_color=\u00bbcustom\u00bb custom_text_color=\u00bb#000000&#8243; text_align=\u00bbleft\u00bb top_padding=\u00bb20&#8243; id=\u00bbbanner-inicio\u00bb overlay_strength=\u00bb0.3&#8243; shape_divider_position=\u00bbbottom\u00bb shape_type=\u00bb\u00bb][vc_column column_padding=\u00bbno-extra-padding\u00bb column_padding_position=\u00bball\u00bb background_color_opacity=\u00bb1&#8243; background_hover_color_opacity=\u00bb1&#8243; column_shadow=\u00bbnone\u00bb column_border_radius=\u00bbnone\u00bb width=\u00bb1\/1&#8243; tablet_text_alignment=\u00bbdefault\u00bb phone_text_alignment=\u00bbdefault\u00bb column_border_width=\u00bbnone\u00bb column_border_style=\u00bbsolid\u00bb][vc_custom_heading text=\u00bbAcerca de UNITAE\u00bb&#8230;<\/p>\n","protected":false},"author":1,"featured_media":0,"parent":0,"menu_order":0,"comment_status":"closed","ping_status":"closed","template":"","meta":{"footnotes":""},"class_list":["post-14","page","type-page","status-publish","hentry"],"_links":{"self":[{"href":"https:\/\/cemer.mx\/unitae\/wp-json\/wp\/v2\/pages\/14","targetHints":{"allow":["GET"]}}],"collection":[{"href":"https:\/\/cemer.mx\/unitae\/wp-json\/wp\/v2\/pages"}],"about":[{"href":"https:\/\/cemer.mx\/unitae\/wp-json\/wp\/v2\/types\/page"}],"author":[{"embeddable":true,"href":"https:\/\/cemer.mx\/unitae\/wp-json\/wp\/v2\/users\/1"}],"replies":[{"embeddable":true,"href":"https:\/\/cemer.mx\/unitae\/wp-json\/wp\/v2\/comments?post=14"}],"version-history":[{"count":28,"href":"https:\/\/cemer.mx\/unitae\/wp-json\/wp\/v2\/pages\/14\/revisions"}],"predecessor-version":[{"id":443,"href":"https:\/\/cemer.mx\/unitae\/wp-json\/wp\/v2\/pages\/14\/revisions\/443"}],"wp:attachment":[{"href":"https:\/\/cemer.mx\/unitae\/wp-json\/wp\/v2\/media?parent=14"}],"curies":[{"name":"wp","href":"https:\/\/api.w.org\/{rel}","templated":true}]}}