{"id":20,"date":"2018-09-25T18:18:49","date_gmt":"2018-09-25T18:18:49","guid":{"rendered":"http:\/\/cemer.mx\/new\/unitae\/?page_id=20"},"modified":"2018-10-04T16:50:56","modified_gmt":"2018-10-04T16:50:56","slug":"preguntas","status":"publish","type":"page","link":"https:\/\/cemer.mx\/unitae\/preguntas\/","title":{"rendered":"Preguntas"},"content":{"rendered":"[vc_row type=\u00bbfull_width_background\u00bb full_screen_row_position=\u00bbmiddle\u00bb bg_image=\u00bb261&#8243; bg_position=\u00bbcenter center\u00bb bg_repeat=\u00bbno-repeat\u00bb scene_position=\u00bbcenter\u00bb text_color=\u00bbdark\u00bb text_align=\u00bbleft\u00bb top_padding=\u00bb80&#8243; bottom_padding=\u00bb40&#8243; overlay_strength=\u00bb0.3&#8243; shape_divider_position=\u00bbbottom\u00bb shape_type=\u00bb\u00bb][vc_column column_padding=\u00bbno-extra-padding\u00bb column_padding_position=\u00bball\u00bb background_color=\u00bb#f4f4f4&#8243; background_color_opacity=\u00bb0.9&#8243; background_hover_color_opacity=\u00bb1&#8243; column_shadow=\u00bbnone\u00bb column_border_radius=\u00bbnone\u00bb width=\u00bb1\/1&#8243; tablet_text_alignment=\u00bbdefault\u00bb phone_text_alignment=\u00bbdefault\u00bb column_border_width=\u00bbnone\u00bb column_border_style=\u00bbsolid\u00bb][vc_custom_heading text=\u00bb\u00bfTIENES ALGUNA DUDA?\u00bb font_container=\u00bbtag:h1|text_align:center|color:%23f28b31&#8243; use_theme_fonts=\u00bbyes\u00bb css=\u00bb.vc_custom_1538594081764{margin-top: 40px !important;margin-bottom: 40px !important;}\u00bb]<div class=\"toggles \" data-style=\"default\"><div class=\"toggle default\"><h3><a href=\"#\"><i class=\"icon-plus-sign\"><\/i>\u00bfPOR QU\u00c9 SE LE PIDE A UNA PERSONA SANA QUE DONE UN \u00d3RGANO?<\/a><\/h3><div>[vc_column_text]\n<div id=\"ui-id-2\" class=\"content ui-accordion-content ui-helper-reset ui-widget-content ui-corner-bottom ui-accordion-content-active\" role=\"tabpanel\" aria-labelledby=\"ui-id-1\" aria-hidden=\"false\">En la actualidad, gracias al \u00e9xito en los trasplantes de \u00f3rganos, m\u00e1s y m\u00e1s personas necesitan transplantes pero no hay suficientes \u00f3rganos para cumplir con esta demanda. Las v\u00edctimas de accidentes son s\u00f3lo una alternativa para obtener \u00f3rganos pero representan un porcentaje muy bajo de los casos de trasplante. Los pacientes que esperan un transplante de \u00f3rgano necesitan donantes sanos; por ejemplo, una persona sana puede donar un ri\u00f1\u00f3n. De vez en cuando, una persona sana tambi\u00e9n podr\u00eda donar parte de su h\u00edgado, pulm\u00f3n, p\u00e1ncreas o intestino.<\/div>\n[\/vc_column_text][vc_column_text][\/vc_column_text]<\/div><\/div><div class=\"toggle default\"><h3><a href=\"#\"><i class=\"icon-plus-sign\"><\/i>\u00bfPUEDE CUALQUIER PERSONA DONAR UN \u00d3RGANO?<\/a><\/h3><div>[vc_column_text]\n<div id=\"ui-id-2\" class=\"content ui-accordion-content ui-helper-reset ui-widget-content ui-corner-bottom ui-accordion-content-active\" role=\"tabpanel\" aria-labelledby=\"ui-id-1\" aria-hidden=\"false\">\n<p>Para la donaci\u00f3n de un \u00f3rgano, a veces un paciente puede pedirle a un familiar o amigo que lo haga; pero tambi\u00e9n hay personas que deciden espont\u00e1neamente convertirse en donantes. En cualquier caso, la decisi\u00f3n debe tomarla s\u00f3lo la persona, y nadie puede presionarle a que done un \u00f3rgano.<\/p>\n<p>Si usted desea convertirse en donante de \u00f3rgano, debe gozar de buena salud. Es posible que no pueda ser donante si tiene, diabetes, c\u00e1ncer u otros problemas de salud. Si donar un \u00f3rgano pusiera en peligro su salud, no podr\u00e1 ser donador.<\/p>\n<p>En general un donador puede donar a una persona en particular si tiene entre 18 y 65 a\u00f1os de edad, goza de buena salud y tiene un grupo de sangre similar o compatible. En este sentido, una persona tipo sangu\u00edneo A puede recibir un \u00f3rgano de un donante A (positivo o negativo) y tambi\u00e9n de una persona O (tambi\u00e9n llamado donador universal ya que le puede donar un \u00f3rgano a cualquier persona). Es posible que no pueda ser donante si tiene, diabetes, c\u00e1ncer u otros problemas de salud. Si donar un \u00f3rgano pusiera en peligro su salud, no podr\u00e1 ser donador.<\/p>\n<p>El equipo de transplante tiene la \u00faltima palabra sobre la decisi\u00f3n su estado de salud y de la posibilidad de convertirse en un donador.<\/p>\n<\/div>\n[\/vc_column_text][vc_column_text][\/vc_column_text]<\/div><\/div><div class=\"toggle default\"><h3><a href=\"#\"><i class=\"icon-plus-sign\"><\/i>\u00bfDUELE LA DONACI\u00d3N?<\/a><\/h3><div>[vc_column_text]\n<div id=\"ui-id-2\" class=\"content ui-accordion-content ui-helper-reset ui-widget-content ui-corner-bottom ui-accordion-content-active\" role=\"tabpanel\" aria-labelledby=\"ui-id-1\" aria-hidden=\"false\">Toda cirug\u00eda puede causar algo de dolor durante la convalecencia. La cantidad de dolor que sienta depende del tipo de operaci\u00f3n que se le haga. El equipo de transplante har\u00e1 todo lo posible para que usted casi no sienta dolor ni tenga molestias. En el caso de la donaci\u00f3n de ri\u00f1\u00f3n, todas las operaciones para extraer un ri\u00f1\u00f3n se realizan con cirug\u00eda de invasi\u00f3n m\u00ednima o cirug\u00eda laparosc\u00f3pica, lo que limita en gran medida la cantidad de dolor y permite una mas r\u00e1pida y completa recuperaci\u00f3n. La mayor\u00eda de donantes de \u00f3rganos consideran que vale la pena un poco de dolor porque ayudaron a alguien a salvar su vida.<\/div>\n[\/vc_column_text][vc_column_text][\/vc_column_text]<\/div><\/div><div class=\"toggle default\"><h3><a href=\"#\"><i class=\"icon-plus-sign\"><\/i>\u00bfCU\u00c1LES SON LOS RIESGOS?<\/a><\/h3><div>[vc_column_text]\n<div id=\"ui-id-2\" class=\"content ui-accordion-content ui-helper-reset ui-widget-content ui-corner-bottom ui-accordion-content-active\" role=\"tabpanel\" aria-labelledby=\"ui-id-1\" aria-hidden=\"false\">\n<div id=\"ui-id-8\" class=\"content ui-accordion-content ui-helper-reset ui-widget-content ui-corner-bottom ui-accordion-content-active\" role=\"tabpanel\" aria-labelledby=\"ui-id-7\" aria-hidden=\"false\">Antes de donar un \u00f3rgano, nuestro equipo de transplante evaluar\u00e1 sus riesgos. Dicho equipo le explicar\u00e1 todos los riesgos y ventajas de convertirse en donante. Adem\u00e1s, le informaremos sobre las alternativas con las que cuentan si usted decide no donar el \u00f3rgano. Por \u00faltimo, estaremos en la mejor disposici\u00f3n de responder todas sus preguntas.<\/div>\n<h3 id=\"ui-id-9\" class=\"ui-accordion-header ui-state-default ui-corner-all ui-accordion-icons\" tabindex=\"-1\" role=\"tab\" aria-controls=\"ui-id-10\" aria-selected=\"false\" aria-expanded=\"false\"><\/h3>\n<\/div>\n[\/vc_column_text][vc_column_text][\/vc_column_text]<\/div><\/div><div class=\"toggle default\"><h3><a href=\"#\"><i class=\"icon-plus-sign\"><\/i>\u00bfPODR\u00cdAN PAGARME POR DONAR UN \u00d3RGANO?<\/a><\/h3><div>[vc_column_text]\n<div id=\"ui-id-2\" class=\"content ui-accordion-content ui-helper-reset ui-widget-content ui-corner-bottom ui-accordion-content-active\" role=\"tabpanel\" aria-labelledby=\"ui-id-1\" aria-hidden=\"false\">No, porque esto es un delito sumamente grave. Una persona no puede recibir dinero ni regalos por donar un \u00f3rgano, pero tampoco debe pagar ning\u00fan costo.<\/div>\n[\/vc_column_text][vc_column_text][\/vc_column_text]<\/div><\/div><div class=\"toggle default\"><h3><a href=\"#\"><i class=\"icon-plus-sign\"><\/i>\u00bfEXISTE ALG\u00daN COSTO POR EL QUE TENDR\u00c9 QUE PAGAR?<\/a><\/h3><div>[vc_column_text]\n<div id=\"ui-id-2\" class=\"content ui-accordion-content ui-helper-reset ui-widget-content ui-corner-bottom ui-accordion-content-active\" role=\"tabpanel\" aria-labelledby=\"ui-id-1\" aria-hidden=\"false\">\n<div id=\"ui-id-12\" class=\"content ui-accordion-content ui-helper-reset ui-widget-content ui-corner-bottom ui-accordion-content-active\" role=\"tabpanel\" aria-labelledby=\"ui-id-11\" aria-hidden=\"false\">No existe ning\u00fan costo que el donador tenga que pagar. Usted no pagara por los ex\u00e1menes que se realicen para determinar si puede ser donante, ni tampoco por los costos hospitalarios, estos ser\u00e1n cubiertos por el receptor.<\/div>\n<h3 id=\"ui-id-13\" class=\"ui-accordion-header ui-state-default ui-corner-all ui-accordion-icons\" tabindex=\"-1\" role=\"tab\" aria-controls=\"ui-id-14\" aria-selected=\"false\" aria-expanded=\"false\"><\/h3>\n<\/div>\n[\/vc_column_text][vc_column_text][\/vc_column_text]<\/div><\/div><div class=\"toggle default\"><h3><a href=\"#\"><i class=\"icon-plus-sign\"><\/i>\u00bfCU\u00c1NTO TIEMPO LLEVAR\u00c1 MI RECUPERACI\u00d3N?<\/a><\/h3><div>[vc_column_text]\n<div id=\"ui-id-2\" class=\"content ui-accordion-content ui-helper-reset ui-widget-content ui-corner-bottom ui-accordion-content-active\" role=\"tabpanel\" aria-labelledby=\"ui-id-1\" aria-hidden=\"false\">La extracci\u00f3n del ri\u00f1\u00f3n por v\u00eda laparosc\u00f3pica permite una mejor y mas r\u00e1pida recuperaci\u00f3n. Al d\u00eda siguiente de la operaci\u00f3n, el donante puede comer y caminar. Generalmente se requieren entre 48-72 hrs. de hospitalizaci\u00f3n. Posteriormente, se indica no cargar cosas pesadas durante las pr\u00f3ximas 2 semanas. Fuera de esta recomendaci\u00f3n, el donante puede regresar a sus actividades habituales. Nuestro equipo de transplante podr\u00e1 darle una idea del tiempo necesario para su convalecencia.<\/div>\n[\/vc_column_text][vc_column_text][\/vc_column_text]<\/div><\/div><div class=\"toggle default\"><h3><a href=\"#\"><i class=\"icon-plus-sign\"><\/i>\u00bfDEBO TOMAR VACACIONES EN MI TRABAJO PARA RECUPERARME?<\/a><\/h3><div>[vc_column_text]\n<div id=\"ui-id-2\" class=\"content ui-accordion-content ui-helper-reset ui-widget-content ui-corner-bottom ui-accordion-content-active\" role=\"tabpanel\" aria-labelledby=\"ui-id-1\" aria-hidden=\"false\">La mayor\u00eda de donantes toman tanto vacaciones como ausencia por enfermedad para recuperarse despu\u00e9s de la cirug\u00eda. Algunos empleados del gobierno federal o estatal pueden obtener un permiso especial de ausencia laboral para donar un \u00f3rgano. Algunos empleadores privados tambi\u00e9n ofrecen permisos especiales de ausencia. Nosotros le recomendaremos converse con sus supervisores laborales y nos encargaremos de generar los justificantes m\u00e9dicos necesarios.<\/div>\n[\/vc_column_text][vc_column_text][\/vc_column_text]<\/div><\/div><div class=\"toggle default\"><h3><a href=\"#\"><i class=\"icon-plus-sign\"><\/i>\u00bfQU\u00c9 OCURRE DESPU\u00c9S DE QUE TOME LA DECISI\u00d3N DE DONAR UN \u00d3RGANO?<\/a><\/h3><div>[vc_column_text]\n<div id=\"ui-id-2\" class=\"content ui-accordion-content ui-helper-reset ui-widget-content ui-corner-bottom ui-accordion-content-active\" role=\"tabpanel\" aria-labelledby=\"ui-id-1\" aria-hidden=\"false\">Primero, se reunir\u00e1 con nuestro equipo de transplante, responder\u00e1 preguntas sobre su salud y se someter\u00e1 a un examen f\u00edsico. El equipo solicitar\u00e1 que se le realicen varios ex\u00e1menes de laboratorio y radiolog\u00eda para documentar que usted es una persona que puede donar un \u00f3rgano. Se le har\u00e1 un examen psicol\u00f3gico para verificar que haya recapacitado sobre su decisi\u00f3n de convertirse en donante y una evaluaci\u00f3n cardiovascular completa. Por \u00faltimo, se realizar\u00e1 una prueba para determinar si usted y la persona que recibir\u00e1 su \u00f3rgano son compatibles o en otras palabras si tienen tipos de sangre y tejidos factibles de ser combinados en un transplante.<br \/>\nUsted no podr\u00e1 donar un \u00f3rgano en caso de:<\/div>\n<p>\u2022 Su sangre o tejidos no son compatibles con el de los receptores * (Algunos Centros de Trasplante, especialmente el nuestro, puede solucionar problemas de incompatibilidad, los cuales ser\u00e1n discutidos con usted por nuestro equipo de trasplantes).<br \/>\n\u2022 Usted no comprende los beneficios e inconvenientes de la donaci\u00f3n.<br \/>\n\u2022 Usted no act\u00faa por voluntad propia.<br \/>\n\u2022 Usted no est\u00e1 lo suficientemente sano como para donar.<\/p>\n[\/vc_column_text][vc_column_text][\/vc_column_text]<\/div><\/div><div class=\"toggle default\"><h3><a href=\"#\"><i class=\"icon-plus-sign\"><\/i>\u00bfA D\u00d3NDE DEBO ACUDIR PARA QUE ME EVAL\u00daEN?<\/a><\/h3><div>[vc_column_text]\n<div id=\"ui-id-2\" class=\"content ui-accordion-content ui-helper-reset ui-widget-content ui-corner-bottom ui-accordion-content-active\" role=\"tabpanel\" aria-labelledby=\"ui-id-1\" aria-hidden=\"false\">Si usted desea donar un \u00f3rgano a alguien en particular, usted deber\u00e1 acudir a nuestro Centro de Trasplante con esa persona. Si usted vive lejos de la persona a la que usted quiere donarle un \u00f3rgano, nuestro equipo de transplantes en coordinaci\u00f3n con su receptor puede hacer los arreglos necesarios para realizar sus ex\u00e1menes cercano a su domicilio.<br \/>\nUna vez evaluados estos estudios iniciales, le pediremos que acuda a nuestro Centro de Trasplante para brindarle informaci\u00f3n acerca de la donaci\u00f3n y poder resolver todas sus dudas acerca del proceso de donaci\u00f3n. En esta misma visita se programaran los estudios y pruebas restantes para establecer si usted puede ser un donador.<\/div>\n[\/vc_column_text][vc_column_text][\/vc_column_text]<\/div><\/div><div class=\"toggle default\"><h3><a href=\"#\"><i class=\"icon-plus-sign\"><\/i>\u00bfQU\u00c9 OCURRE SI CAMBIO DE OPINI\u00d3N DURANTE LOS EX\u00c1MENES PARA LA DONACI\u00d3N?<\/a><\/h3><div>[vc_column_text]\n<div id=\"ui-id-2\" class=\"content ui-accordion-content ui-helper-reset ui-widget-content ui-corner-bottom ui-accordion-content-active\" role=\"tabpanel\" aria-labelledby=\"ui-id-1\" aria-hidden=\"false\">Si usted decide no donar un \u00f3rgano, nuestro equipo de transplante apoyar\u00e1 su decisi\u00f3n y la mantendr\u00e1 confidencial. Lo que ellos dir\u00e1n ser\u00e1 que los ex\u00e1menes demostraron que existe incompatibilidad o que se presento alguna situaci\u00f3n medica que impide que usted sea donador.<\/div>\n[\/vc_column_text][vc_column_text][\/vc_column_text]<\/div><\/div><\/div>[\/vc_column][\/vc_row]\n","protected":false},"excerpt":{"rendered":"<p>[vc_row type=\u00bbfull_width_background\u00bb full_screen_row_position=\u00bbmiddle\u00bb bg_image=\u00bb261&#8243; bg_position=\u00bbcenter center\u00bb bg_repeat=\u00bbno-repeat\u00bb scene_position=\u00bbcenter\u00bb text_color=\u00bbdark\u00bb text_align=\u00bbleft\u00bb top_padding=\u00bb80&#8243; bottom_padding=\u00bb40&#8243; overlay_strength=\u00bb0.3&#8243; shape_divider_position=\u00bbbottom\u00bb shape_type=\u00bb\u00bb][vc_column column_padding=\u00bbno-extra-padding\u00bb column_padding_position=\u00bball\u00bb background_color=\u00bb#f4f4f4&#8243; background_color_opacity=\u00bb0.9&#8243; background_hover_color_opacity=\u00bb1&#8243; column_shadow=\u00bbnone\u00bb column_border_radius=\u00bbnone\u00bb width=\u00bb1\/1&#8243; tablet_text_alignment=\u00bbdefault\u00bb phone_text_alignment=\u00bbdefault\u00bb column_border_width=\u00bbnone\u00bb column_border_style=\u00bbsolid\u00bb][vc_custom_heading text=\u00bb\u00bfTIENES ALGUNA DUDA?\u00bb&#8230;<\/p>\n","protected":false},"author":1,"featured_media":0,"parent":0,"menu_order":0,"comment_status":"closed","ping_status":"closed","template":"","meta":{"footnotes":""},"class_list":["post-20","page","type-page","status-publish","hentry"],"_links":{"self":[{"href":"https:\/\/cemer.mx\/unitae\/wp-json\/wp\/v2\/pages\/20","targetHints":{"allow":["GET"]}}],"collection":[{"href":"https:\/\/cemer.mx\/unitae\/wp-json\/wp\/v2\/pages"}],"about":[{"href":"https:\/\/cemer.mx\/unitae\/wp-json\/wp\/v2\/types\/page"}],"author":[{"embeddable":true,"href":"https:\/\/cemer.mx\/unitae\/wp-json\/wp\/v2\/users\/1"}],"replies":[{"embeddable":true,"href":"https:\/\/cemer.mx\/unitae\/wp-json\/wp\/v2\/comments?post=20"}],"version-history":[{"count":13,"href":"https:\/\/cemer.mx\/unitae\/wp-json\/wp\/v2\/pages\/20\/revisions"}],"predecessor-version":[{"id":280,"href":"https:\/\/cemer.mx\/unitae\/wp-json\/wp\/v2\/pages\/20\/revisions\/280"}],"wp:attachment":[{"href":"https:\/\/cemer.mx\/unitae\/wp-json\/wp\/v2\/media?parent=20"}],"curies":[{"name":"wp","href":"https:\/\/api.w.org\/{rel}","templated":true}]}}